{"id":2197,"date":"2024-08-27T15:44:02","date_gmt":"2024-08-27T15:44:02","guid":{"rendered":"https:\/\/maison-dupuy.com\/cart\/"},"modified":"2025-07-28T13:32:57","modified_gmt":"2025-07-28T13:32:57","slug":"mon-panier","status":"publish","type":"page","link":"https:\/\/maison-dupuy.com\/en\/mon-panier\/","title":{"rendered":"Mon Panier"},"content":{"rendered":"\t\t<div data-elementor-type=\"wp-page\" data-elementor-id=\"2197\" class=\"elementor elementor-2197\" data-elementor-post-type=\"page\">\n\t\t\t\t<div class=\"elementor-element elementor-element-4743755c e-flex e-con-boxed e-con e-parent\" data-id=\"4743755c\" data-element_type=\"container\">\n\t\t\t\t\t<div class=\"e-con-inner\">\n\t\t<div class=\"elementor-element elementor-element-76e0e9e e-con-full e-flex e-con e-child\" data-id=\"76e0e9e\" data-element_type=\"container\" data-settings=\"{&quot;background_background&quot;:&quot;classic&quot;}\">\n\t\t\t\t<div class=\"elementor-element elementor-element-10d14eb6 elementor-widget elementor-widget-heading\" data-id=\"10d14eb6\" data-element_type=\"widget\" data-widget_type=\"heading.default\">\n\t\t\t\t<div class=\"elementor-widget-container\">\n\t\t\t\t\t<h1 class=\"elementor-heading-title elementor-size-default\">Mon panier<\/h1>\t\t\t\t<\/div>\n\t\t\t\t<\/div>\n\t\t\t\t<\/div>\n\t\t\t\t<div class=\"elementor-element elementor-element-33b90ef elementor-widget elementor-widget-text-editor\" data-id=\"33b90ef\" data-element_type=\"widget\" data-widget_type=\"text-editor.default\">\n\t\t\t\t<div class=\"elementor-widget-container\">\n\t\t\t\t\t\t\t\t\t<p>En validant votre commande, vous acceptez l&#8217;int\u00e9gralit\u00e9 de nos <a href=\"https:\/\/maison-dupuy.com\/cgv\/\">CGV<\/a>. Veillez \u00e0 ce que le destinataire soit disponible lors de la livraison. Toute absence lors de la livraison ne donnera lieu \u00e0 aucun remboursement de la part de Maison Dupuy.<\/p>\t\t\t\t\t\t\t\t<\/div>\n\t\t\t\t<\/div>\n\t\t\t\t\t<\/div>\n\t\t\t\t<\/div>\n\t\t<div class=\"elementor-element elementor-element-eddef86 e-flex e-con-boxed e-con e-parent\" data-id=\"eddef86\" data-element_type=\"container\">\n\t\t\t\t\t<div class=\"e-con-inner\">\n\t\t\t\t<div class=\"elementor-element elementor-element-24465d51 elementor-invisible elementor-widget elementor-widget-heading\" data-id=\"24465d51\" data-element_type=\"widget\" data-settings=\"{&quot;_animation&quot;:&quot;slideInUp&quot;}\" data-widget_type=\"heading.default\">\n\t\t\t\t<div class=\"elementor-widget-container\">\n\t\t\t\t\t<h2 class=\"elementor-heading-title elementor-size-default\">Nos coffrets embl\u00e9matiques<\/h2>\t\t\t\t<\/div>\n\t\t\t\t<\/div>\n\t\t\t\t\t<\/div>\n\t\t\t\t<\/div>\n\t\t<div class=\"elementor-element elementor-element-650bb097 e-flex e-con-boxed e-con e-parent\" data-id=\"650bb097\" data-element_type=\"container\">\n\t\t\t\t\t<div class=\"e-con-inner\">\n\t\t\t\t<div class=\"elementor-element elementor-element-36d3c6c7 animated-slow elementor-invisible elementor-widget elementor-widget-heading\" data-id=\"36d3c6c7\" data-element_type=\"widget\" data-settings=\"{&quot;_animation&quot;:&quot;slideInDown&quot;}\" data-widget_type=\"heading.default\">\n\t\t\t\t<div class=\"elementor-widget-container\">\n\t\t\t\t\t<h4 class=\"elementor-heading-title elementor-size-default\">Assurez vous de faire plaisir<\/h4>\t\t\t\t<\/div>\n\t\t\t\t<\/div>\n\t\t\t\t<div class=\"elementor-element elementor-element-20f1d016 animated-slow elementor-invisible elementor-widget elementor-widget-heading\" data-id=\"20f1d016\" data-element_type=\"widget\" data-settings=\"{&quot;_animation&quot;:&quot;slideInDown&quot;}\" data-widget_type=\"heading.default\">\n\t\t\t\t<div class=\"elementor-widget-container\">\n\t\t\t\t\t<h5 class=\"elementor-heading-title elementor-size-default\">Commandez en toute s\u00e9r\u00e9nit\u00e9<\/h5>\t\t\t\t<\/div>\n\t\t\t\t<\/div>\n\t\t\t\t\t<\/div>\n\t\t\t\t<\/div>\n\t\t<div class=\"elementor-element elementor-element-676d26c2 e-flex e-con-boxed e-con e-parent\" data-id=\"676d26c2\" data-element_type=\"container\">\n\t\t\t\t\t<div class=\"e-con-inner\">\n\t\t<div class=\"elementor-element elementor-element-e2c2575 e-con-full e-flex e-con e-child\" data-id=\"e2c2575\" data-element_type=\"container\">\n\t\t\t\t<div class=\"elementor-element elementor-element-5e4edcdb elementor-widget elementor-widget-image\" data-id=\"5e4edcdb\" data-element_type=\"widget\" data-widget_type=\"image.default\">\n\t\t\t\t<div class=\"elementor-widget-container\">\n\t\t\t\t\t\t\t\t\t\t\t\t\t\t\t<img decoding=\"async\" width=\"100\" height=\"100\" src=\"https:\/\/maison-dupuy.com\/wp-content\/uploads\/2024\/09\/Icone-livraison-maison-dupuy-100x100.png\" class=\"attachment-woocommerce_gallery_thumbnail size-woocommerce_gallery_thumbnail wp-image-2350\" alt=\"\" srcset=\"https:\/\/maison-dupuy.com\/wp-content\/uploads\/2024\/09\/Icone-livraison-maison-dupuy-100x100.png 100w, https:\/\/maison-dupuy.com\/wp-content\/uploads\/2024\/09\/Icone-livraison-maison-dupuy-150x150.png 150w, https:\/\/maison-dupuy.com\/wp-content\/uploads\/2024\/09\/Icone-livraison-maison-dupuy.png 200w\" sizes=\"(max-width: 100px) 100vw, 100px\" \/>\t\t\t\t\t\t\t\t\t\t\t\t\t\t\t<\/div>\n\t\t\t\t<\/div>\n\t\t\t\t<div class=\"elementor-element elementor-element-1addb350 elementor-widget elementor-widget-heading\" data-id=\"1addb350\" data-element_type=\"widget\" data-widget_type=\"heading.default\">\n\t\t\t\t<div class=\"elementor-widget-container\">\n\t\t\t\t\t<h2 class=\"elementor-heading-title elementor-size-default\">Livraison <br>rapide<\/h2>\t\t\t\t<\/div>\n\t\t\t\t<\/div>\n\t\t\t\t<div class=\"elementor-element elementor-element-51df51b elementor-widget elementor-widget-spacer\" data-id=\"51df51b\" data-element_type=\"widget\" data-widget_type=\"spacer.default\">\n\t\t\t\t<div class=\"elementor-widget-container\">\n\t\t\t\t\t\t\t<div class=\"elementor-spacer\">\n\t\t\t<div class=\"elementor-spacer-inner\"><\/div>\n\t\t<\/div>\n\t\t\t\t\t\t<\/div>\n\t\t\t\t<\/div>\n\t\t\t\t<div class=\"elementor-element elementor-element-7f41531f elementor-widget elementor-widget-text-editor\" data-id=\"7f41531f\" data-element_type=\"widget\" data-widget_type=\"text-editor.default\">\n\t\t\t\t<div class=\"elementor-widget-container\">\n\t\t\t\t\t\t\t\t\t<p>Au Canada et Qu\u00e9bec<\/p>\t\t\t\t\t\t\t\t<\/div>\n\t\t\t\t<\/div>\n\t\t\t\t<\/div>\n\t\t<div class=\"elementor-element elementor-element-79630cad e-con-full e-flex e-con e-child\" data-id=\"79630cad\" data-element_type=\"container\">\n\t\t\t\t<div class=\"elementor-element elementor-element-4be152f0 elementor-widget elementor-widget-image\" data-id=\"4be152f0\" data-element_type=\"widget\" data-widget_type=\"image.default\">\n\t\t\t\t<div class=\"elementor-widget-container\">\n\t\t\t\t\t\t\t\t\t\t\t\t\t\t\t<img decoding=\"async\" width=\"100\" height=\"100\" src=\"https:\/\/maison-dupuy.com\/wp-content\/uploads\/2024\/09\/icone-chaine-du-froid-maison-dupuy-2-100x100.png\" class=\"attachment-woocommerce_gallery_thumbnail size-woocommerce_gallery_thumbnail wp-image-2352\" alt=\"\" srcset=\"https:\/\/maison-dupuy.com\/wp-content\/uploads\/2024\/09\/icone-chaine-du-froid-maison-dupuy-2-100x100.png 100w, https:\/\/maison-dupuy.com\/wp-content\/uploads\/2024\/09\/icone-chaine-du-froid-maison-dupuy-2-150x150.png 150w, https:\/\/maison-dupuy.com\/wp-content\/uploads\/2024\/09\/icone-chaine-du-froid-maison-dupuy-2.png 200w\" sizes=\"(max-width: 100px) 100vw, 100px\" \/>\t\t\t\t\t\t\t\t\t\t\t\t\t\t\t<\/div>\n\t\t\t\t<\/div>\n\t\t\t\t<div class=\"elementor-element elementor-element-c29f59b elementor-widget elementor-widget-heading\" data-id=\"c29f59b\" data-element_type=\"widget\" data-widget_type=\"heading.default\">\n\t\t\t\t<div class=\"elementor-widget-container\">\n\t\t\t\t\t<h2 class=\"elementor-heading-title elementor-size-default\">Chaine du <br>froid<\/h2>\t\t\t\t<\/div>\n\t\t\t\t<\/div>\n\t\t\t\t<div class=\"elementor-element elementor-element-2c1f5d19 elementor-widget elementor-widget-spacer\" data-id=\"2c1f5d19\" data-element_type=\"widget\" data-widget_type=\"spacer.default\">\n\t\t\t\t<div class=\"elementor-widget-container\">\n\t\t\t\t\t\t\t<div class=\"elementor-spacer\">\n\t\t\t<div class=\"elementor-spacer-inner\"><\/div>\n\t\t<\/div>\n\t\t\t\t\t\t<\/div>\n\t\t\t\t<\/div>\n\t\t\t\t<div class=\"elementor-element elementor-element-6d6ae3c2 elementor-widget elementor-widget-text-editor\" data-id=\"6d6ae3c2\" data-element_type=\"widget\" data-widget_type=\"text-editor.default\">\n\t\t\t\t<div class=\"elementor-widget-container\">\n\t\t\t\t\t\t\t\t\t<p>Exp\u00e9dition des commandes en temp\u00e9rature contr\u00f4l\u00e9e.<\/p>\t\t\t\t\t\t\t\t<\/div>\n\t\t\t\t<\/div>\n\t\t\t\t<\/div>\n\t\t<div class=\"elementor-element elementor-element-6cd78e5e e-con-full e-flex e-con e-child\" data-id=\"6cd78e5e\" data-element_type=\"container\">\n\t\t\t\t<div class=\"elementor-element elementor-element-3e0c55d elementor-widget elementor-widget-image\" data-id=\"3e0c55d\" data-element_type=\"widget\" data-widget_type=\"image.default\">\n\t\t\t\t<div class=\"elementor-widget-container\">\n\t\t\t\t\t\t\t\t\t\t\t\t\t\t\t<img decoding=\"async\" width=\"100\" height=\"100\" src=\"https:\/\/maison-dupuy.com\/wp-content\/uploads\/2024\/09\/Icone-service-client-maison-dupuy-2-100x100.png\" class=\"attachment-woocommerce_gallery_thumbnail size-woocommerce_gallery_thumbnail wp-image-2354\" alt=\"\" srcset=\"https:\/\/maison-dupuy.com\/wp-content\/uploads\/2024\/09\/Icone-service-client-maison-dupuy-2-100x100.png 100w, https:\/\/maison-dupuy.com\/wp-content\/uploads\/2024\/09\/Icone-service-client-maison-dupuy-2-150x150.png 150w, https:\/\/maison-dupuy.com\/wp-content\/uploads\/2024\/09\/Icone-service-client-maison-dupuy-2.png 200w\" sizes=\"(max-width: 100px) 100vw, 100px\" \/>\t\t\t\t\t\t\t\t\t\t\t\t\t\t\t<\/div>\n\t\t\t\t<\/div>\n\t\t\t\t<div class=\"elementor-element elementor-element-137d095b elementor-widget elementor-widget-heading\" data-id=\"137d095b\" data-element_type=\"widget\" data-widget_type=\"heading.default\">\n\t\t\t\t<div class=\"elementor-widget-container\">\n\t\t\t\t\t<h2 class=\"elementor-heading-title elementor-size-default\">Service <br>client<\/h2>\t\t\t\t<\/div>\n\t\t\t\t<\/div>\n\t\t\t\t<div class=\"elementor-element elementor-element-46ae9ecd elementor-widget elementor-widget-spacer\" data-id=\"46ae9ecd\" data-element_type=\"widget\" data-widget_type=\"spacer.default\">\n\t\t\t\t<div class=\"elementor-widget-container\">\n\t\t\t\t\t\t\t<div class=\"elementor-spacer\">\n\t\t\t<div class=\"elementor-spacer-inner\"><\/div>\n\t\t<\/div>\n\t\t\t\t\t\t<\/div>\n\t\t\t\t<\/div>\n\t\t\t\t<div class=\"elementor-element elementor-element-2d8a3143 elementor-widget elementor-widget-text-editor\" data-id=\"2d8a3143\" data-element_type=\"widget\" data-widget_type=\"text-editor.default\">\n\t\t\t\t<div class=\"elementor-widget-container\">\n\t\t\t\t\t\t\t\t\t<p>Du lundi au vendredi <br \/>de 9h \u00e0 17h par :<br \/>mail \u00e0 <a href=\"mailto:contact@maison-dupuy.com\">contact@maison-dupuy.com<\/a><br \/>Formulaire via le <a href=\"https:\/\/maison-dupuy.com\/contact\/\">site<\/a><\/p>\t\t\t\t\t\t\t\t<\/div>\n\t\t\t\t<\/div>\n\t\t\t\t<\/div>\n\t\t\t\t\t<\/div>\n\t\t\t\t<\/div>\n\t\t\t\t<\/div>\n\t\t","protected":false},"excerpt":{"rendered":"<p>Mon panier Retirer l\u2019\u00e9l\u00e9ment Miniature Produit Prix Quantit\u00e9 Sous-total &times; Coffret de 6 Pralin\u00e9s aux Pistaches (Chocolat au lait) &#36;15.00 quantit\u00e9 de Coffret de 6 Pralin\u00e9s aux Pistaches (Chocolat au lait) &#36;15.00 Mettre \u00e0 jour le panier Montant total Sous-total &#36;15.00 Exp\u00e9dition Forfait Livraison vers 27 avenue Victor Hugo, Brossard QC J4Z 0P9. Modifier l\u2019adresse [&hellip;]<\/p>\n","protected":false},"author":1,"featured_media":0,"parent":0,"menu_order":0,"comment_status":"closed","ping_status":"closed","template":"elementor_header_footer","meta":{"footnotes":""},"class_list":["post-2197","page","type-page","status-publish","hentry"],"yoast_head":"<!-- This site is optimized with the Yoast SEO plugin v26.4 - https:\/\/yoast.com\/wordpress\/plugins\/seo\/ -->\n<title>Mon Panier<\/title>\n<meta name=\"robots\" content=\"index, follow, max-snippet:-1, max-image-preview:large, max-video-preview:-1\" \/>\n<link rel=\"canonical\" href=\"https:\/\/maison-dupuy.com\/en\/mon-panier\/\" \/>\n<meta property=\"og:locale\" content=\"en_US\" \/>\n<meta property=\"og:locale:alternate\" content=\"fr_CA\" \/>\n<meta property=\"og:type\" content=\"article\" \/>\n<meta property=\"og:title\" content=\"Mon Panier\" \/>\n<meta property=\"og:description\" content=\"Mon panier Retirer l\u2019\u00e9l\u00e9ment Miniature Produit Prix Quantit\u00e9 Sous-total &times; Coffret de 6 Pralin\u00e9s aux Pistaches (Chocolat au lait) &#036;15.00 quantit\u00e9 de Coffret de 6 Pralin\u00e9s aux Pistaches (Chocolat au lait) &#036;15.00 Mettre \u00e0 jour le panier Montant total Sous-total &#036;15.00 Exp\u00e9dition Forfait Livraison vers 27 avenue Victor Hugo, Brossard QC J4Z 0P9. Modifier l\u2019adresse [&hellip;]\" \/>\n<meta property=\"og:url\" content=\"https:\/\/maison-dupuy.com\/en\/mon-panier\/\" \/>\n<meta property=\"og:site_name\" content=\"Achats &amp; Livraison de Confiseries en Ligne | Maison Dupuy\" \/>\n<meta property=\"article:modified_time\" content=\"2025-07-28T13:32:57+00:00\" \/>\n<meta property=\"og:image\" content=\"https:\/\/maison-dupuy.com\/wp-content\/uploads\/2024\/09\/Image-page-produit-Pralines-pistaches-300x300.jpg\" \/>\n<meta name=\"twitter:card\" content=\"summary_large_image\" \/>\n<meta name=\"twitter:label1\" content=\"Est. reading time\" \/>\n\t<meta name=\"twitter:data1\" content=\"2 minutes\" \/>\n<script type=\"application\/ld+json\" class=\"yoast-schema-graph\">{\"@context\":\"https:\/\/schema.org\",\"@graph\":[{\"@type\":\"WebPage\",\"@id\":\"https:\/\/maison-dupuy.com\/mon-panier\/\",\"url\":\"https:\/\/maison-dupuy.com\/mon-panier\/\",\"name\":\"Mon Panier\",\"isPartOf\":{\"@id\":\"https:\/\/maison-dupuy.com\/#website\"},\"primaryImageOfPage\":{\"@id\":\"https:\/\/maison-dupuy.com\/mon-panier\/#primaryimage\"},\"image\":{\"@id\":\"https:\/\/maison-dupuy.com\/mon-panier\/#primaryimage\"},\"thumbnailUrl\":\"https:\/\/maison-dupuy.com\/wp-content\/uploads\/2024\/09\/Image-page-produit-Pralines-pistaches-300x300.jpg\",\"datePublished\":\"2024-08-27T15:44:02+00:00\",\"dateModified\":\"2025-07-28T13:32:57+00:00\",\"breadcrumb\":{\"@id\":\"https:\/\/maison-dupuy.com\/mon-panier\/#breadcrumb\"},\"inLanguage\":\"en-US\",\"potentialAction\":[{\"@type\":\"ReadAction\",\"target\":[\"https:\/\/maison-dupuy.com\/mon-panier\/\"]}]},{\"@type\":\"ImageObject\",\"inLanguage\":\"en-US\",\"@id\":\"https:\/\/maison-dupuy.com\/mon-panier\/#primaryimage\",\"url\":\"https:\/\/maison-dupuy.com\/wp-content\/uploads\/2024\/09\/Image-page-produit-Pralines-pistaches-300x300.jpg\",\"contentUrl\":\"https:\/\/maison-dupuy.com\/wp-content\/uploads\/2024\/09\/Image-page-produit-Pralines-pistaches-300x300.jpg\"},{\"@type\":\"BreadcrumbList\",\"@id\":\"https:\/\/maison-dupuy.com\/mon-panier\/#breadcrumb\",\"itemListElement\":[{\"@type\":\"ListItem\",\"position\":1,\"name\":\"Home\",\"item\":\"https:\/\/maison-dupuy.com\/\"},{\"@type\":\"ListItem\",\"position\":2,\"name\":\"Mon Panier\"}]},{\"@type\":\"WebSite\",\"@id\":\"https:\/\/maison-dupuy.com\/#website\",\"url\":\"https:\/\/maison-dupuy.com\/\",\"name\":\"Achats & Livraison de Confiseries en Ligne | Maison Dupuy\",\"description\":\"\",\"publisher\":{\"@id\":\"https:\/\/maison-dupuy.com\/#organization\"},\"potentialAction\":[{\"@type\":\"SearchAction\",\"target\":{\"@type\":\"EntryPoint\",\"urlTemplate\":\"https:\/\/maison-dupuy.com\/?s={search_term_string}\"},\"query-input\":{\"@type\":\"PropertyValueSpecification\",\"valueRequired\":true,\"valueName\":\"search_term_string\"}}],\"inLanguage\":\"en-US\"},{\"@type\":\"Organization\",\"@id\":\"https:\/\/maison-dupuy.com\/#organization\",\"name\":\"Maison Dupuy\",\"url\":\"https:\/\/maison-dupuy.com\/\",\"logo\":{\"@type\":\"ImageObject\",\"inLanguage\":\"en-US\",\"@id\":\"https:\/\/maison-dupuy.com\/#\/schema\/logo\/image\/\",\"url\":\"https:\/\/maison-dupuy.com\/wp-content\/uploads\/2024\/08\/Logo-Maison-Dupuy-1000x300-version-longue-or.png\",\"contentUrl\":\"https:\/\/maison-dupuy.com\/wp-content\/uploads\/2024\/08\/Logo-Maison-Dupuy-1000x300-version-longue-or.png\",\"width\":1000,\"height\":300,\"caption\":\"Maison Dupuy\"},\"image\":{\"@id\":\"https:\/\/maison-dupuy.com\/#\/schema\/logo\/image\/\"},\"sameAs\":[\"https:\/\/www.instagram.com\/_maison_dupuy_\/\"]}]}<\/script>\n<!-- \/ Yoast SEO plugin. -->","yoast_head_json":{"title":"Mon Panier","robots":{"index":"index","follow":"follow","max-snippet":"max-snippet:-1","max-image-preview":"max-image-preview:large","max-video-preview":"max-video-preview:-1"},"canonical":"https:\/\/maison-dupuy.com\/en\/mon-panier\/","og_locale":"en_US","og_type":"article","og_title":"[:fr]Mon Panier[:] - Achats & Livraison de Confiseries en Ligne | Maison Dupuy","og_description":"Mon panier Retirer l\u2019\u00e9l\u00e9ment Miniature Produit Prix Quantit\u00e9 Sous-total &times; Coffret de 6 Pralin\u00e9s aux Pistaches (Chocolat au lait) &#36;15.00 quantit\u00e9 de Coffret de 6 Pralin\u00e9s aux Pistaches (Chocolat au lait) &#36;15.00 Mettre \u00e0 jour le panier Montant total Sous-total &#36;15.00 Exp\u00e9dition Forfait Livraison vers 27 avenue Victor Hugo, Brossard QC J4Z 0P9. Modifier l\u2019adresse [&hellip;]","og_url":"https:\/\/maison-dupuy.com\/en\/mon-panier\/","og_site_name":"Achats & Livraison de Confiseries en Ligne | Maison Dupuy","article_modified_time":"2025-07-28T13:32:57+00:00","og_image":[{"url":"https:\/\/maison-dupuy.com\/wp-content\/uploads\/2024\/09\/Image-page-produit-Pralines-pistaches-300x300.jpg","type":"","width":"","height":""}],"twitter_card":"summary_large_image","twitter_misc":{"Est. reading time":"2 minutes"},"schema":{"@context":"https:\/\/schema.org","@graph":[{"@type":"WebPage","@id":"https:\/\/maison-dupuy.com\/mon-panier\/","url":"https:\/\/maison-dupuy.com\/mon-panier\/","name":"Mon Panier","isPartOf":{"@id":"https:\/\/maison-dupuy.com\/#website"},"primaryImageOfPage":{"@id":"https:\/\/maison-dupuy.com\/mon-panier\/#primaryimage"},"image":{"@id":"https:\/\/maison-dupuy.com\/mon-panier\/#primaryimage"},"thumbnailUrl":"https:\/\/maison-dupuy.com\/wp-content\/uploads\/2024\/09\/Image-page-produit-Pralines-pistaches-300x300.jpg","datePublished":"2024-08-27T15:44:02+00:00","dateModified":"2025-07-28T13:32:57+00:00","breadcrumb":{"@id":"https:\/\/maison-dupuy.com\/mon-panier\/#breadcrumb"},"inLanguage":"en-US","potentialAction":[{"@type":"ReadAction","target":["https:\/\/maison-dupuy.com\/mon-panier\/"]}]},{"@type":"ImageObject","inLanguage":"en-US","@id":"https:\/\/maison-dupuy.com\/mon-panier\/#primaryimage","url":"https:\/\/maison-dupuy.com\/wp-content\/uploads\/2024\/09\/Image-page-produit-Pralines-pistaches-300x300.jpg","contentUrl":"https:\/\/maison-dupuy.com\/wp-content\/uploads\/2024\/09\/Image-page-produit-Pralines-pistaches-300x300.jpg"},{"@type":"BreadcrumbList","@id":"https:\/\/maison-dupuy.com\/mon-panier\/#breadcrumb","itemListElement":[{"@type":"ListItem","position":1,"name":"Home","item":"https:\/\/maison-dupuy.com\/"},{"@type":"ListItem","position":2,"name":"Mon Panier"}]},{"@type":"WebSite","@id":"https:\/\/maison-dupuy.com\/#website","url":"https:\/\/maison-dupuy.com\/","name":"Achats & Livraison de Confiseries en Ligne | Maison Dupuy","description":"","publisher":{"@id":"https:\/\/maison-dupuy.com\/#organization"},"potentialAction":[{"@type":"SearchAction","target":{"@type":"EntryPoint","urlTemplate":"https:\/\/maison-dupuy.com\/?s={search_term_string}"},"query-input":{"@type":"PropertyValueSpecification","valueRequired":true,"valueName":"search_term_string"}}],"inLanguage":"en-US"},{"@type":"Organization","@id":"https:\/\/maison-dupuy.com\/#organization","name":"Maison Dupuy","url":"https:\/\/maison-dupuy.com\/","logo":{"@type":"ImageObject","inLanguage":"en-US","@id":"https:\/\/maison-dupuy.com\/#\/schema\/logo\/image\/","url":"https:\/\/maison-dupuy.com\/wp-content\/uploads\/2024\/08\/Logo-Maison-Dupuy-1000x300-version-longue-or.png","contentUrl":"https:\/\/maison-dupuy.com\/wp-content\/uploads\/2024\/08\/Logo-Maison-Dupuy-1000x300-version-longue-or.png","width":1000,"height":300,"caption":"Maison Dupuy"},"image":{"@id":"https:\/\/maison-dupuy.com\/#\/schema\/logo\/image\/"},"sameAs":["https:\/\/www.instagram.com\/_maison_dupuy_\/"]}]}},"_links":{"self":[{"href":"https:\/\/maison-dupuy.com\/en\/wp-json\/wp\/v2\/pages\/2197","targetHints":{"allow":["GET"]}}],"collection":[{"href":"https:\/\/maison-dupuy.com\/en\/wp-json\/wp\/v2\/pages"}],"about":[{"href":"https:\/\/maison-dupuy.com\/en\/wp-json\/wp\/v2\/types\/page"}],"author":[{"embeddable":true,"href":"https:\/\/maison-dupuy.com\/en\/wp-json\/wp\/v2\/users\/1"}],"replies":[{"embeddable":true,"href":"https:\/\/maison-dupuy.com\/en\/wp-json\/wp\/v2\/comments?post=2197"}],"version-history":[{"count":1,"href":"https:\/\/maison-dupuy.com\/en\/wp-json\/wp\/v2\/pages\/2197\/revisions"}],"predecessor-version":[{"id":3488,"href":"https:\/\/maison-dupuy.com\/en\/wp-json\/wp\/v2\/pages\/2197\/revisions\/3488"}],"wp:attachment":[{"href":"https:\/\/maison-dupuy.com\/en\/wp-json\/wp\/v2\/media?parent=2197"}],"curies":[{"name":"wp","href":"https:\/\/api.w.org\/{rel}","templated":true}]}}