{"id":2780,"date":"2024-10-01T15:58:45","date_gmt":"2024-10-01T15:58:45","guid":{"rendered":"https:\/\/maison-dupuy.com\/?page_id=2780"},"modified":"2025-01-07T17:32:40","modified_gmt":"2025-01-07T17:32:40","slug":"mentions-legales","status":"publish","type":"page","link":"https:\/\/maison-dupuy.com\/en\/mentions-legales\/","title":{"rendered":"Mentions L\u00e9gales"},"content":{"rendered":"\t\t<div data-elementor-type=\"wp-page\" data-elementor-id=\"2780\" class=\"elementor elementor-2780\" data-elementor-post-type=\"page\">\n\t\t\t\t<div class=\"elementor-element elementor-element-5ae9b2c7 e-flex e-con-boxed e-con e-parent\" data-id=\"5ae9b2c7\" data-element_type=\"container\" data-e-type=\"container\">\n\t\t\t\t\t<div class=\"e-con-inner\">\n\t\t<div class=\"elementor-element elementor-element-2583e5e0 e-con-full e-flex e-con e-child\" data-id=\"2583e5e0\" data-element_type=\"container\" data-e-type=\"container\">\n\t\t\t\t<div class=\"elementor-element elementor-element-29a9f74d elementor-widget elementor-widget-heading\" data-id=\"29a9f74d\" data-element_type=\"widget\" data-e-type=\"widget\" data-widget_type=\"heading.default\">\n\t\t\t\t<div class=\"elementor-widget-container\">\n\t\t\t\t\t<h1 class=\"elementor-heading-title elementor-size-default\">Mentions L\u00e9gales<\/h1>\t\t\t\t<\/div>\n\t\t\t\t<\/div>\n\t\t\t\t<div class=\"elementor-element elementor-element-1a44c52a elementor-widget elementor-widget-text-editor\" data-id=\"1a44c52a\" data-element_type=\"widget\" data-e-type=\"widget\" data-widget_type=\"text-editor.default\">\n\t\t\t\t<div class=\"elementor-widget-container\">\n\t\t\t\t\t\t\t\t\t<p>Conform\u00e9ment aux dispositions l\u00e9gales en vigueur, notamment la Loi sur la protection des renseignements personnels et les documents \u00e9lectroniques (LPRPDE) au Canada, voici les informations relatives \u00e0 l&#8217;\u00e9diteur du site <strong>Maison Dupuy<\/strong> et \u00e0 ses conditions d&#8217;utilisation.<\/p>\t\t\t\t\t\t\t\t<\/div>\n\t\t\t\t<\/div>\n\t\t\t\t<div class=\"elementor-element elementor-element-6f528c12 elementor-icon-list--layout-traditional elementor-list-item-link-full_width elementor-widget elementor-widget-icon-list\" data-id=\"6f528c12\" data-element_type=\"widget\" data-e-type=\"widget\" data-widget_type=\"icon-list.default\">\n\t\t\t\t<div class=\"elementor-widget-container\">\n\t\t\t\t\t\t\t<ul class=\"elementor-icon-list-items\">\n\t\t\t\t\t\t\t<li class=\"elementor-icon-list-item\">\n\t\t\t\t\t\t\t\t\t\t\t<span class=\"elementor-icon-list-icon\">\n\t\t\t\t\t\t\t<svg aria-hidden=\"true\" class=\"e-font-icon-svg e-fas-square-full\" viewBox=\"0 0 512 512\" xmlns=\"http:\/\/www.w3.org\/2000\/svg\"><path d=\"M512 512H0V0h512v512z\"><\/path><\/svg>\t\t\t\t\t\t<\/span>\n\t\t\t\t\t\t\t\t\t\t<span class=\"elementor-icon-list-text\">1. \u00c9diteur du site<\/span>\n\t\t\t\t\t\t\t\t\t<\/li>\n\t\t\t\t\t\t<\/ul>\n\t\t\t\t\t\t<\/div>\n\t\t\t\t<\/div>\n\t\t\t\t<div class=\"elementor-element elementor-element-172c7c39 elementor-widget elementor-widget-text-editor\" data-id=\"172c7c39\" data-element_type=\"widget\" data-e-type=\"widget\" data-widget_type=\"text-editor.default\">\n\t\t\t\t<div class=\"elementor-widget-container\">\n\t\t\t\t\t\t\t\t\t<ul><li><p>Le pr\u00e9sent site internet, accessible \u00e0 l\u2019adresse <strong>[<a href=\"http:\/\/www.maison-dupuy.com\" target=\"_new\" rel=\"noopener\">www.maison-dupuy.com<\/a>]<\/strong>, est \u00e9dit\u00e9 par :<\/p><ul><li><strong>Nom de l\u2019entreprise :<\/strong> Maison Dupuy<\/li><li><strong>Forme juridique :<\/strong> [Pr\u00e9cisez, ex. : Soci\u00e9t\u00e9 \u00e0 responsabilit\u00e9 limit\u00e9e]<\/li><li><strong>Si\u00e8ge social :<\/strong> [Adresse compl\u00e8te]<\/li><li><strong>Num\u00e9ro d\u2019immatriculation :<\/strong> [Num\u00e9ro d\u2019enregistrement]<\/li><li><strong>Num\u00e9ro de TVA :<\/strong> [Num\u00e9ro si applicable]<\/li><li><strong>T\u00e9l\u00e9phone :<\/strong> [Num\u00e9ro de contact]<\/li><li><strong>Adresse e-mail :<\/strong> <a rel=\"noopener\">contact@maison-dupuy.com<\/a><\/li><li><strong>Directeur de la publication :<\/strong> Hauler Web (<a href=\"http:\/\/www.hauler-web.com\">www.hauler-web.com<\/a>)<\/li><\/ul><\/li><\/ul>\t\t\t\t\t\t\t\t<\/div>\n\t\t\t\t<\/div>\n\t\t\t\t<div class=\"elementor-element elementor-element-5a376afa elementor-icon-list--layout-traditional elementor-list-item-link-full_width elementor-widget elementor-widget-icon-list\" data-id=\"5a376afa\" data-element_type=\"widget\" data-e-type=\"widget\" data-widget_type=\"icon-list.default\">\n\t\t\t\t<div class=\"elementor-widget-container\">\n\t\t\t\t\t\t\t<ul class=\"elementor-icon-list-items\">\n\t\t\t\t\t\t\t<li class=\"elementor-icon-list-item\">\n\t\t\t\t\t\t\t\t\t\t\t<span class=\"elementor-icon-list-icon\">\n\t\t\t\t\t\t\t<svg aria-hidden=\"true\" class=\"e-font-icon-svg e-fas-square-full\" viewBox=\"0 0 512 512\" xmlns=\"http:\/\/www.w3.org\/2000\/svg\"><path d=\"M512 512H0V0h512v512z\"><\/path><\/svg>\t\t\t\t\t\t<\/span>\n\t\t\t\t\t\t\t\t\t\t<span class=\"elementor-icon-list-text\">2. Produits<\/span>\n\t\t\t\t\t\t\t\t\t<\/li>\n\t\t\t\t\t\t<\/ul>\n\t\t\t\t\t\t<\/div>\n\t\t\t\t<\/div>\n\t\t\t\t<div class=\"elementor-element elementor-element-75c829b4 elementor-widget elementor-widget-text-editor\" data-id=\"75c829b4\" data-element_type=\"widget\" data-e-type=\"widget\" data-widget_type=\"text-editor.default\">\n\t\t\t\t<div class=\"elementor-widget-container\">\n\t\t\t\t\t\t\t\t\t<p>Le site est h\u00e9berg\u00e9 par :<\/p><ul><li><strong>Nom de l\u2019h\u00e9bergeur :<\/strong> HOSTINGER operations, UAB<\/li><li><strong>Adresse :<\/strong> \u0160vitrigailos str. 34, Vilnius 03230 Lithuania<\/li><li><strong>T\u00e9l\u00e9phone :<\/strong> <a href=\"tel:+37064503378\">+37064503378<\/a><\/li><\/ul>\t\t\t\t\t\t\t\t<\/div>\n\t\t\t\t<\/div>\n\t\t\t\t<div class=\"elementor-element elementor-element-20963cdc elementor-icon-list--layout-traditional elementor-list-item-link-full_width elementor-widget elementor-widget-icon-list\" data-id=\"20963cdc\" data-element_type=\"widget\" data-e-type=\"widget\" data-widget_type=\"icon-list.default\">\n\t\t\t\t<div class=\"elementor-widget-container\">\n\t\t\t\t\t\t\t<ul class=\"elementor-icon-list-items\">\n\t\t\t\t\t\t\t<li class=\"elementor-icon-list-item\">\n\t\t\t\t\t\t\t\t\t\t\t<span class=\"elementor-icon-list-icon\">\n\t\t\t\t\t\t\t<svg aria-hidden=\"true\" class=\"e-font-icon-svg e-fas-square-full\" viewBox=\"0 0 512 512\" xmlns=\"http:\/\/www.w3.org\/2000\/svg\"><path d=\"M512 512H0V0h512v512z\"><\/path><\/svg>\t\t\t\t\t\t<\/span>\n\t\t\t\t\t\t\t\t\t\t<span class=\"elementor-icon-list-text\">3. Propri\u00e9t\u00e9 intellectuelle<\/span>\n\t\t\t\t\t\t\t\t\t<\/li>\n\t\t\t\t\t\t<\/ul>\n\t\t\t\t\t\t<\/div>\n\t\t\t\t<\/div>\n\t\t\t\t<div class=\"elementor-element elementor-element-1c805492 elementor-widget elementor-widget-text-editor\" data-id=\"1c805492\" data-element_type=\"widget\" data-e-type=\"widget\" data-widget_type=\"text-editor.default\">\n\t\t\t\t<div class=\"elementor-widget-container\">\n\t\t\t\t\t\t\t\t\t<p>Tous les \u00e9l\u00e9ments du site internet (textes, images, graphismes, logos, vid\u00e9os, ic\u00f4nes, logiciels) sont prot\u00e9g\u00e9s par les lois sur la propri\u00e9t\u00e9 intellectuelle en vigueur et sont la propri\u00e9t\u00e9 exclusive de <strong>Maison Dupuy<\/strong> ou de ses partenaires.<\/p><p>Toute reproduction, repr\u00e9sentation, modification, publication ou adaptation, totale ou partielle, de ces \u00e9l\u00e9ments, sans l\u2019autorisation \u00e9crite pr\u00e9alable de <strong>Maison Dupuy<\/strong>, est strictement interdite et constitue une contrefa\u00e7on sanctionn\u00e9e par la loi.<\/p>\t\t\t\t\t\t\t\t<\/div>\n\t\t\t\t<\/div>\n\t\t\t\t<div class=\"elementor-element elementor-element-225d3576 elementor-icon-list--layout-traditional elementor-list-item-link-full_width elementor-widget elementor-widget-icon-list\" data-id=\"225d3576\" data-element_type=\"widget\" data-e-type=\"widget\" data-widget_type=\"icon-list.default\">\n\t\t\t\t<div class=\"elementor-widget-container\">\n\t\t\t\t\t\t\t<ul class=\"elementor-icon-list-items\">\n\t\t\t\t\t\t\t<li class=\"elementor-icon-list-item\">\n\t\t\t\t\t\t\t\t\t\t\t<span class=\"elementor-icon-list-icon\">\n\t\t\t\t\t\t\t<svg aria-hidden=\"true\" class=\"e-font-icon-svg e-fas-square-full\" viewBox=\"0 0 512 512\" xmlns=\"http:\/\/www.w3.org\/2000\/svg\"><path d=\"M512 512H0V0h512v512z\"><\/path><\/svg>\t\t\t\t\t\t<\/span>\n\t\t\t\t\t\t\t\t\t\t<span class=\"elementor-icon-list-text\">4. Protection des donn\u00e9es personnelles<\/span>\n\t\t\t\t\t\t\t\t\t<\/li>\n\t\t\t\t\t\t<\/ul>\n\t\t\t\t\t\t<\/div>\n\t\t\t\t<\/div>\n\t\t\t\t<div class=\"elementor-element elementor-element-154cd03d elementor-widget elementor-widget-text-editor\" data-id=\"154cd03d\" data-element_type=\"widget\" data-e-type=\"widget\" data-widget_type=\"text-editor.default\">\n\t\t\t\t<div class=\"elementor-widget-container\">\n\t\t\t\t\t\t\t\t\t<p>Les informations recueillies via notre site internet sont trait\u00e9es conform\u00e9ment \u00e0 notre [Politique de Confidentialit\u00e9](lien vers la page). Conform\u00e9ment \u00e0 la Loi sur la protection des renseignements personnels, vous disposez d\u2019un droit d\u2019acc\u00e8s, de rectification et de suppression des donn\u00e9es personnelles vous concernant.<\/p><p>Pour exercer ces droits, contactez-nous \u00e0 :<\/p><ul><li style=\"list-style-type: none;\"><ul><li><strong>E-mail :<\/strong> <a rel=\"noopener\">dpo@maison-dupuy.com<\/a><\/li><\/ul><\/li><\/ul>\t\t\t\t\t\t\t\t<\/div>\n\t\t\t\t<\/div>\n\t\t\t\t<div class=\"elementor-element elementor-element-4fefce87 elementor-icon-list--layout-traditional elementor-list-item-link-full_width elementor-widget elementor-widget-icon-list\" data-id=\"4fefce87\" data-element_type=\"widget\" data-e-type=\"widget\" data-widget_type=\"icon-list.default\">\n\t\t\t\t<div class=\"elementor-widget-container\">\n\t\t\t\t\t\t\t<ul class=\"elementor-icon-list-items\">\n\t\t\t\t\t\t\t<li class=\"elementor-icon-list-item\">\n\t\t\t\t\t\t\t\t\t\t\t<span class=\"elementor-icon-list-icon\">\n\t\t\t\t\t\t\t<svg aria-hidden=\"true\" class=\"e-font-icon-svg e-fas-square-full\" viewBox=\"0 0 512 512\" xmlns=\"http:\/\/www.w3.org\/2000\/svg\"><path d=\"M512 512H0V0h512v512z\"><\/path><\/svg>\t\t\t\t\t\t<\/span>\n\t\t\t\t\t\t\t\t\t\t<span class=\"elementor-icon-list-text\">5. Responsabilit\u00e9<\/span>\n\t\t\t\t\t\t\t\t\t<\/li>\n\t\t\t\t\t\t<\/ul>\n\t\t\t\t\t\t<\/div>\n\t\t\t\t<\/div>\n\t\t\t\t<div class=\"elementor-element elementor-element-17e42fde elementor-widget elementor-widget-text-editor\" data-id=\"17e42fde\" data-element_type=\"widget\" data-e-type=\"widget\" data-widget_type=\"text-editor.default\">\n\t\t\t\t<div class=\"elementor-widget-container\">\n\t\t\t\t\t\t\t\t\t<p><strong>Maison Dupuy<\/strong> s\u2019efforce de fournir des informations pr\u00e9cises et \u00e0 jour sur son site internet. Cependant, l\u2019entreprise ne saurait \u00eatre tenue responsable des erreurs ou omissions dans le contenu, ni des dommages r\u00e9sultant de l\u2019utilisation du site.<\/p><p>Les liens hypertextes pr\u00e9sents sur le site peuvent rediriger vers des sites tiers. <strong>Maison Dupuy<\/strong> ne peut \u00eatre tenue responsable du contenu de ces sites externes.<\/p>\t\t\t\t\t\t\t\t<\/div>\n\t\t\t\t<\/div>\n\t\t\t\t<div class=\"elementor-element elementor-element-4e698fe elementor-icon-list--layout-traditional elementor-list-item-link-full_width elementor-widget elementor-widget-icon-list\" data-id=\"4e698fe\" data-element_type=\"widget\" data-e-type=\"widget\" data-widget_type=\"icon-list.default\">\n\t\t\t\t<div class=\"elementor-widget-container\">\n\t\t\t\t\t\t\t<ul class=\"elementor-icon-list-items\">\n\t\t\t\t\t\t\t<li class=\"elementor-icon-list-item\">\n\t\t\t\t\t\t\t\t\t\t\t<span class=\"elementor-icon-list-icon\">\n\t\t\t\t\t\t\t<svg aria-hidden=\"true\" class=\"e-font-icon-svg e-fas-square-full\" viewBox=\"0 0 512 512\" xmlns=\"http:\/\/www.w3.org\/2000\/svg\"><path d=\"M512 512H0V0h512v512z\"><\/path><\/svg>\t\t\t\t\t\t<\/span>\n\t\t\t\t\t\t\t\t\t\t<span class=\"elementor-icon-list-text\">6. Utilisation des cookies<\/span>\n\t\t\t\t\t\t\t\t\t<\/li>\n\t\t\t\t\t\t<\/ul>\n\t\t\t\t\t\t<\/div>\n\t\t\t\t<\/div>\n\t\t\t\t<div class=\"elementor-element elementor-element-162d28da elementor-widget elementor-widget-text-editor\" data-id=\"162d28da\" data-element_type=\"widget\" data-e-type=\"widget\" data-widget_type=\"text-editor.default\">\n\t\t\t\t<div class=\"elementor-widget-container\">\n\t\t\t\t\t\t\t\t\t<p>Le site utilise des cookies pour am\u00e9liorer l\u2019exp\u00e9rience utilisateur, analyser le trafic et personnaliser les contenus. Pour en savoir plus sur l\u2019utilisation des cookies, consultez notre <a href=\"https:\/\/maison-dupuy.com\/politique-de-confidentialite\/\">Politique de Cookies<\/a>.<\/p>\t\t\t\t\t\t\t\t<\/div>\n\t\t\t\t<\/div>\n\t\t\t\t<div class=\"elementor-element elementor-element-11fd1555 elementor-icon-list--layout-traditional elementor-list-item-link-full_width elementor-widget elementor-widget-icon-list\" data-id=\"11fd1555\" data-element_type=\"widget\" data-e-type=\"widget\" data-widget_type=\"icon-list.default\">\n\t\t\t\t<div class=\"elementor-widget-container\">\n\t\t\t\t\t\t\t<ul class=\"elementor-icon-list-items\">\n\t\t\t\t\t\t\t<li class=\"elementor-icon-list-item\">\n\t\t\t\t\t\t\t\t\t\t\t<span class=\"elementor-icon-list-icon\">\n\t\t\t\t\t\t\t<svg aria-hidden=\"true\" class=\"e-font-icon-svg e-fas-square-full\" viewBox=\"0 0 512 512\" xmlns=\"http:\/\/www.w3.org\/2000\/svg\"><path d=\"M512 512H0V0h512v512z\"><\/path><\/svg>\t\t\t\t\t\t<\/span>\n\t\t\t\t\t\t\t\t\t\t<span class=\"elementor-icon-list-text\">7. Loi applicable et juridiction comp\u00e9tente<\/span>\n\t\t\t\t\t\t\t\t\t<\/li>\n\t\t\t\t\t\t<\/ul>\n\t\t\t\t\t\t<\/div>\n\t\t\t\t<\/div>\n\t\t\t\t<div class=\"elementor-element elementor-element-54b7ce86 elementor-widget elementor-widget-text-editor\" data-id=\"54b7ce86\" data-element_type=\"widget\" data-e-type=\"widget\" data-widget_type=\"text-editor.default\">\n\t\t\t\t<div class=\"elementor-widget-container\">\n\t\t\t\t\t\t\t\t\t<p>Les pr\u00e9sentes mentions l\u00e9gales sont r\u00e9gies par les lois canadiennes. Tout litige relatif \u00e0 l\u2019utilisation du site sera soumis \u00e0 la comp\u00e9tence exclusive des tribunaux du Qu\u00e9bec.<\/p>\t\t\t\t\t\t\t\t<\/div>\n\t\t\t\t<\/div>\n\t\t\t\t<div class=\"elementor-element elementor-element-339e6b58 elementor-icon-list--layout-traditional elementor-list-item-link-full_width elementor-widget elementor-widget-icon-list\" data-id=\"339e6b58\" data-element_type=\"widget\" data-e-type=\"widget\" data-widget_type=\"icon-list.default\">\n\t\t\t\t<div class=\"elementor-widget-container\">\n\t\t\t\t\t\t\t<ul class=\"elementor-icon-list-items\">\n\t\t\t\t\t\t\t<li class=\"elementor-icon-list-item\">\n\t\t\t\t\t\t\t\t\t\t\t<span class=\"elementor-icon-list-icon\">\n\t\t\t\t\t\t\t<svg aria-hidden=\"true\" class=\"e-font-icon-svg e-fas-square-full\" viewBox=\"0 0 512 512\" xmlns=\"http:\/\/www.w3.org\/2000\/svg\"><path d=\"M512 512H0V0h512v512z\"><\/path><\/svg>\t\t\t\t\t\t<\/span>\n\t\t\t\t\t\t\t\t\t\t<span class=\"elementor-icon-list-text\">8. Contact<\/span>\n\t\t\t\t\t\t\t\t\t<\/li>\n\t\t\t\t\t\t<\/ul>\n\t\t\t\t\t\t<\/div>\n\t\t\t\t<\/div>\n\t\t\t\t<div class=\"elementor-element elementor-element-35c7d850 elementor-widget elementor-widget-text-editor\" data-id=\"35c7d850\" data-element_type=\"widget\" data-e-type=\"widget\" data-widget_type=\"text-editor.default\">\n\t\t\t\t<div class=\"elementor-widget-container\">\n\t\t\t\t\t\t\t\t\t<p>Pour toute question relative \u00e0 ces mentions l\u00e9gales, vous pouvez nous contacter \u00e0 :<\/p><ul><li><strong>E-mail :<\/strong> <a rel=\"noopener\">contact@maison-dupuy.com<\/a><\/li><li><strong>Adresse postale :<\/strong> Maison Dupuy, [Adresse compl\u00e8te], Montr\u00e9al, Canada<\/li><li><strong>T\u00e9l\u00e9phone :<\/strong> [Num\u00e9ro de t\u00e9l\u00e9phone]<\/li><\/ul>\t\t\t\t\t\t\t\t<\/div>\n\t\t\t\t<\/div>\n\t\t\t\t<\/div>\n\t\t\t\t\t<\/div>\n\t\t\t\t<\/div>\n\t\t\t\t<\/div>\n\t\t","protected":false},"excerpt":{"rendered":"<p>Mentions L\u00e9gales Conform\u00e9ment aux dispositions l\u00e9gales en vigueur, notamment la Loi sur la protection des renseignements personnels et les documents \u00e9lectroniques (LPRPDE) au Canada, voici les informations relatives \u00e0 l&#8217;\u00e9diteur du site Maison Dupuy et \u00e0 ses conditions d&#8217;utilisation. 1. \u00c9diteur du site Le pr\u00e9sent site internet, accessible \u00e0 l\u2019adresse [www.maison-dupuy.com], est \u00e9dit\u00e9 par : [&hellip;]<\/p>\n","protected":false},"author":1,"featured_media":0,"parent":0,"menu_order":0,"comment_status":"closed","ping_status":"closed","template":"","meta":{"footnotes":""},"class_list":["post-2780","page","type-page","status-publish","hentry"],"yoast_head":"<!-- This site is optimized with the Yoast SEO plugin v27.4 - https:\/\/yoast.com\/product\/yoast-seo-wordpress\/ -->\n<title>Mentions L\u00e9gales<\/title>\n<meta name=\"robots\" content=\"index, follow, max-snippet:-1, max-image-preview:large, max-video-preview:-1\" \/>\n<link rel=\"canonical\" href=\"https:\/\/maison-dupuy.com\/en\/mentions-legales\/\" \/>\n<meta property=\"og:locale\" content=\"en_US\" \/>\n<meta property=\"og:locale:alternate\" content=\"fr_CA\" \/>\n<meta property=\"og:type\" content=\"article\" \/>\n<meta property=\"og:title\" content=\"Mentions L\u00e9gales\" \/>\n<meta property=\"og:description\" content=\"Mentions L\u00e9gales Conform\u00e9ment aux dispositions l\u00e9gales en vigueur, notamment la Loi sur la protection des renseignements personnels et les documents \u00e9lectroniques (LPRPDE) au Canada, voici les informations relatives \u00e0 l&#8217;\u00e9diteur du site Maison Dupuy et \u00e0 ses conditions d&#8217;utilisation. 1. \u00c9diteur du site Le pr\u00e9sent site internet, accessible \u00e0 l\u2019adresse [www.maison-dupuy.com], est \u00e9dit\u00e9 par : [&hellip;]\" \/>\n<meta property=\"og:url\" content=\"https:\/\/maison-dupuy.com\/en\/mentions-legales\/\" \/>\n<meta property=\"og:site_name\" content=\"Achats &amp; Livraison de Confiseries en Ligne | Maison Dupuy\" \/>\n<meta property=\"article:modified_time\" content=\"2025-01-07T17:32:40+00:00\" \/>\n<meta name=\"twitter:card\" content=\"summary_large_image\" \/>\n<meta name=\"twitter:label1\" content=\"Est. reading time\" \/>\n\t<meta name=\"twitter:data1\" content=\"3 minutes\" \/>\n<script type=\"application\/ld+json\" class=\"yoast-schema-graph\">{\"@context\":\"https:\\\/\\\/schema.org\",\"@graph\":[{\"@type\":\"WebPage\",\"@id\":\"https:\\\/\\\/maison-dupuy.com\\\/mentions-legales\\\/\",\"url\":\"https:\\\/\\\/maison-dupuy.com\\\/mentions-legales\\\/\",\"name\":\"Mentions L\u00e9gales\",\"isPartOf\":{\"@id\":\"https:\\\/\\\/maison-dupuy.com\\\/#website\"},\"datePublished\":\"2024-10-01T15:58:45+00:00\",\"dateModified\":\"2025-01-07T17:32:40+00:00\",\"breadcrumb\":{\"@id\":\"https:\\\/\\\/maison-dupuy.com\\\/mentions-legales\\\/#breadcrumb\"},\"inLanguage\":\"en-US\",\"potentialAction\":[{\"@type\":\"ReadAction\",\"target\":[\"https:\\\/\\\/maison-dupuy.com\\\/mentions-legales\\\/\"]}]},{\"@type\":\"BreadcrumbList\",\"@id\":\"https:\\\/\\\/maison-dupuy.com\\\/mentions-legales\\\/#breadcrumb\",\"itemListElement\":[{\"@type\":\"ListItem\",\"position\":1,\"name\":\"Home\",\"item\":\"https:\\\/\\\/maison-dupuy.com\\\/\"},{\"@type\":\"ListItem\",\"position\":2,\"name\":\"Mentions L\u00e9gales\"}]},{\"@type\":\"WebSite\",\"@id\":\"https:\\\/\\\/maison-dupuy.com\\\/#website\",\"url\":\"https:\\\/\\\/maison-dupuy.com\\\/\",\"name\":\"Achats & Livraison de Confiseries en Ligne | Maison Dupuy\",\"description\":\"\",\"publisher\":{\"@id\":\"https:\\\/\\\/maison-dupuy.com\\\/#organization\"},\"potentialAction\":[{\"@type\":\"SearchAction\",\"target\":{\"@type\":\"EntryPoint\",\"urlTemplate\":\"https:\\\/\\\/maison-dupuy.com\\\/?s={search_term_string}\"},\"query-input\":{\"@type\":\"PropertyValueSpecification\",\"valueRequired\":true,\"valueName\":\"search_term_string\"}}],\"inLanguage\":\"en-US\"},{\"@type\":\"Organization\",\"@id\":\"https:\\\/\\\/maison-dupuy.com\\\/#organization\",\"name\":\"Maison Dupuy\",\"url\":\"https:\\\/\\\/maison-dupuy.com\\\/\",\"logo\":{\"@type\":\"ImageObject\",\"inLanguage\":\"en-US\",\"@id\":\"https:\\\/\\\/maison-dupuy.com\\\/#\\\/schema\\\/logo\\\/image\\\/\",\"url\":\"https:\\\/\\\/maison-dupuy.com\\\/wp-content\\\/uploads\\\/2024\\\/08\\\/Logo-Maison-Dupuy-1000x300-version-longue-or.png\",\"contentUrl\":\"https:\\\/\\\/maison-dupuy.com\\\/wp-content\\\/uploads\\\/2024\\\/08\\\/Logo-Maison-Dupuy-1000x300-version-longue-or.png\",\"width\":1000,\"height\":300,\"caption\":\"Maison Dupuy\"},\"image\":{\"@id\":\"https:\\\/\\\/maison-dupuy.com\\\/#\\\/schema\\\/logo\\\/image\\\/\"},\"sameAs\":[\"https:\\\/\\\/www.instagram.com\\\/_maison_dupuy_\\\/\"]}]}<\/script>\n<!-- \/ Yoast SEO plugin. -->","yoast_head_json":{"title":"Mentions L\u00e9gales","robots":{"index":"index","follow":"follow","max-snippet":"max-snippet:-1","max-image-preview":"max-image-preview:large","max-video-preview":"max-video-preview:-1"},"canonical":"https:\/\/maison-dupuy.com\/en\/mentions-legales\/","og_locale":"en_US","og_type":"article","og_title":"[:fr]Mentions L\u00e9gales[:] - Achats & Livraison de Confiseries en Ligne | Maison Dupuy","og_description":"Mentions L\u00e9gales Conform\u00e9ment aux dispositions l\u00e9gales en vigueur, notamment la Loi sur la protection des renseignements personnels et les documents \u00e9lectroniques (LPRPDE) au Canada, voici les informations relatives \u00e0 l&#8217;\u00e9diteur du site Maison Dupuy et \u00e0 ses conditions d&#8217;utilisation. 1. \u00c9diteur du site Le pr\u00e9sent site internet, accessible \u00e0 l\u2019adresse [www.maison-dupuy.com], est \u00e9dit\u00e9 par : [&hellip;]","og_url":"https:\/\/maison-dupuy.com\/en\/mentions-legales\/","og_site_name":"Achats & Livraison de Confiseries en Ligne | Maison Dupuy","article_modified_time":"2025-01-07T17:32:40+00:00","twitter_card":"summary_large_image","twitter_misc":{"Est. reading time":"3 minutes"},"schema":{"@context":"https:\/\/schema.org","@graph":[{"@type":"WebPage","@id":"https:\/\/maison-dupuy.com\/mentions-legales\/","url":"https:\/\/maison-dupuy.com\/mentions-legales\/","name":"Mentions L\u00e9gales","isPartOf":{"@id":"https:\/\/maison-dupuy.com\/#website"},"datePublished":"2024-10-01T15:58:45+00:00","dateModified":"2025-01-07T17:32:40+00:00","breadcrumb":{"@id":"https:\/\/maison-dupuy.com\/mentions-legales\/#breadcrumb"},"inLanguage":"en-US","potentialAction":[{"@type":"ReadAction","target":["https:\/\/maison-dupuy.com\/mentions-legales\/"]}]},{"@type":"BreadcrumbList","@id":"https:\/\/maison-dupuy.com\/mentions-legales\/#breadcrumb","itemListElement":[{"@type":"ListItem","position":1,"name":"Home","item":"https:\/\/maison-dupuy.com\/"},{"@type":"ListItem","position":2,"name":"Mentions L\u00e9gales"}]},{"@type":"WebSite","@id":"https:\/\/maison-dupuy.com\/#website","url":"https:\/\/maison-dupuy.com\/","name":"Achats & Livraison de Confiseries en Ligne | Maison Dupuy","description":"","publisher":{"@id":"https:\/\/maison-dupuy.com\/#organization"},"potentialAction":[{"@type":"SearchAction","target":{"@type":"EntryPoint","urlTemplate":"https:\/\/maison-dupuy.com\/?s={search_term_string}"},"query-input":{"@type":"PropertyValueSpecification","valueRequired":true,"valueName":"search_term_string"}}],"inLanguage":"en-US"},{"@type":"Organization","@id":"https:\/\/maison-dupuy.com\/#organization","name":"Maison Dupuy","url":"https:\/\/maison-dupuy.com\/","logo":{"@type":"ImageObject","inLanguage":"en-US","@id":"https:\/\/maison-dupuy.com\/#\/schema\/logo\/image\/","url":"https:\/\/maison-dupuy.com\/wp-content\/uploads\/2024\/08\/Logo-Maison-Dupuy-1000x300-version-longue-or.png","contentUrl":"https:\/\/maison-dupuy.com\/wp-content\/uploads\/2024\/08\/Logo-Maison-Dupuy-1000x300-version-longue-or.png","width":1000,"height":300,"caption":"Maison Dupuy"},"image":{"@id":"https:\/\/maison-dupuy.com\/#\/schema\/logo\/image\/"},"sameAs":["https:\/\/www.instagram.com\/_maison_dupuy_\/"]}]}},"_links":{"self":[{"href":"https:\/\/maison-dupuy.com\/en\/wp-json\/wp\/v2\/pages\/2780","targetHints":{"allow":["GET"]}}],"collection":[{"href":"https:\/\/maison-dupuy.com\/en\/wp-json\/wp\/v2\/pages"}],"about":[{"href":"https:\/\/maison-dupuy.com\/en\/wp-json\/wp\/v2\/types\/page"}],"author":[{"embeddable":true,"href":"https:\/\/maison-dupuy.com\/en\/wp-json\/wp\/v2\/users\/1"}],"replies":[{"embeddable":true,"href":"https:\/\/maison-dupuy.com\/en\/wp-json\/wp\/v2\/comments?post=2780"}],"version-history":[{"count":0,"href":"https:\/\/maison-dupuy.com\/en\/wp-json\/wp\/v2\/pages\/2780\/revisions"}],"wp:attachment":[{"href":"https:\/\/maison-dupuy.com\/en\/wp-json\/wp\/v2\/media?parent=2780"}],"curies":[{"name":"wp","href":"https:\/\/api.w.org\/{rel}","templated":true}]}}