{"id":2234,"date":"2024-08-27T15:44:31","date_gmt":"2024-08-27T15:44:31","guid":{"rendered":"http:\/\/shmuel"},"modified":"2025-04-23T12:25:05","modified_gmt":"2025-04-23T12:25:05","slug":"coffret-de-6-pralines-aux-noisettes-chocolat-noir","status":"publish","type":"product","link":"https:\/\/maison-dupuy.com\/en\/produit\/coffret-de-6-pralines-aux-noisettes-chocolat-noir\/","title":{"rendered":"Coffret de 6 Pralin\u00e9s aux Noisettes (Chocolat noir)"},"content":{"rendered":"\t\t<div data-elementor-type=\"product-post\" data-elementor-id=\"2234\" class=\"elementor elementor-2234\" data-elementor-post-type=\"product\">\n\t\t\t\t<div class=\"elementor-element elementor-element-31cda450 e-flex e-con-boxed e-con e-parent\" data-id=\"31cda450\" data-element_type=\"container\" data-e-type=\"container\">\n\t\t\t\t\t<div class=\"e-con-inner\">\n\t\t\t\t<div class=\"elementor-element elementor-element-3ba5252b elementor-widget elementor-widget-text-editor\" data-id=\"3ba5252b\" data-element_type=\"widget\" data-e-type=\"widget\" data-widget_type=\"text-editor.default\">\n\t\t\t\t<div class=\"elementor-widget-container\">\n\t\t\t\t\t\t\t\t\tCoffret de 6 Pralin\u00e9s aux noisettes avec du chocolat noir. La noisette torr\u00e9fi\u00e9e s\u2019\u00e9panouit pleinement avec le chocolat noir 70%. Les ar\u00f4mes grill\u00e9s de la noisette trouvent \u00e9cho dans les notes bois\u00e9es du chocolat noir, offrant un pralin\u00e9 riche en nuances et en profondeur, id\u00e9al pour ceux qui recherchent une gourmandise au caract\u00e8re affirm\u00e9. <span style=\"text-decoration: underline;\"><strong><a href=\"https:\/\/maison-dupuy.com\/pralines\/\">D\u00e9couvrez d&#8217;autres parfums<\/a><\/strong><\/span>\t\t\t\t\t\t\t\t<\/div>\n\t\t\t\t<\/div>\n\t\t\t\t<div class=\"elementor-element elementor-element-457a8880 elementor-widget elementor-widget-n-accordion\" data-id=\"457a8880\" data-element_type=\"widget\" data-e-type=\"widget\" data-settings=\"{&quot;default_state&quot;:&quot;all_collapsed&quot;,&quot;max_items_expended&quot;:&quot;one&quot;,&quot;n_accordion_animation_duration&quot;:{&quot;unit&quot;:&quot;ms&quot;,&quot;size&quot;:400,&quot;sizes&quot;:[]}}\" data-widget_type=\"nested-accordion.default\">\n\t\t\t\t<div class=\"elementor-widget-container\">\n\t\t\t\t\t\t\t<div class=\"e-n-accordion\" aria-label=\"Accordion. Open links with Enter or Space, close with Escape, and navigate with Arrow Keys\">\n\t\t\t\t\t\t<details id=\"e-n-accordion-item-1160\" class=\"e-n-accordion-item\" >\n\t\t\t\t<summary class=\"e-n-accordion-item-title\" data-accordion-index=\"1\" tabindex=\"0\" aria-expanded=\"false\" aria-controls=\"e-n-accordion-item-1160\" >\n\t\t\t\t\t<span class='e-n-accordion-item-title-header'><div class=\"e-n-accordion-item-title-text\"> Conseils d\u00e9gustations <\/div><\/span>\n\t\t\t\t\t\t\t<span class='e-n-accordion-item-title-icon'>\n\t\t\t<span class='e-opened' ><svg aria-hidden=\"true\" class=\"e-font-icon-svg e-fas-minus-square\" viewBox=\"0 0 448 512\" xmlns=\"http:\/\/www.w3.org\/2000\/svg\"><path d=\"M400 32H48C21.5 32 0 53.5 0 80v352c0 26.5 21.5 48 48 48h352c26.5 0 48-21.5 48-48V80c0-26.5-21.5-48-48-48zM92 296c-6.6 0-12-5.4-12-12v-56c0-6.6 5.4-12 12-12h264c6.6 0 12 5.4 12 12v56c0 6.6-5.4 12-12 12H92z\"><\/path><\/svg><\/span>\n\t\t\t<span class='e-closed'><svg aria-hidden=\"true\" class=\"e-font-icon-svg e-fas-plus-square\" viewBox=\"0 0 448 512\" xmlns=\"http:\/\/www.w3.org\/2000\/svg\"><path d=\"M400 32H48C21.5 32 0 53.5 0 80v352c0 26.5 21.5 48 48 48h352c26.5 0 48-21.5 48-48V80c0-26.5-21.5-48-48-48zm-32 252c0 6.6-5.4 12-12 12h-92v92c0 6.6-5.4 12-12 12h-56c-6.6 0-12-5.4-12-12v-92H92c-6.6 0-12-5.4-12-12v-56c0-6.6 5.4-12 12-12h92v-92c0-6.6 5.4-12 12-12h56c6.6 0 12 5.4 12 12v92h92c6.6 0 12 5.4 12 12v56z\"><\/path><\/svg><\/span>\n\t\t<\/span>\n\n\t\t\t\t\t\t<\/summary>\n\t\t\t\t<div role=\"region\" aria-labelledby=\"e-n-accordion-item-1160\" class=\"elementor-element elementor-element-6c12edf3 e-con-full e-flex e-con e-child\" data-id=\"6c12edf3\" data-element_type=\"container\" data-e-type=\"container\">\n\t\t\t\t<div class=\"elementor-element elementor-element-79ea0120 elementor-widget elementor-widget-text-editor\" data-id=\"79ea0120\" data-element_type=\"widget\" data-e-type=\"widget\" data-widget_type=\"text-editor.default\">\n\t\t\t\t<div class=\"elementor-widget-container\">\n\t\t\t\t\t\t\t\t\t<p>Les pralin\u00e9s Maison Dupuy r\u00e9v\u00e8lent toutes leurs saveurs \u00e0 temp\u00e9rature ambiante. Pour une d\u00e9gustation optimale, sortez les du r\u00e9frig\u00e9rateur <strong>environ 10 minutes avant<\/strong>. Conservez les dans la partie inf\u00e9rieure du r\u00e9frig\u00e9rateur, o\u00f9 ils resteront frais <strong>jusqu\u2019\u00e0 4 jours<\/strong>. Afin de pr\u00e9server leurs ar\u00f4mes et leur texture, nos pralin\u00e9s sont pr\u00e9par\u00e9s avec des m\u00e9thodes qui garantissent leur qualit\u00e9 irr\u00e9prochable.<\/p>\t\t\t\t\t\t\t\t<\/div>\n\t\t\t\t<\/div>\n\t\t\t\t<\/div>\n\t\t\t\t\t<\/details>\n\t\t\t\t\t\t<details id=\"e-n-accordion-item-1161\" class=\"e-n-accordion-item\" >\n\t\t\t\t<summary class=\"e-n-accordion-item-title\" data-accordion-index=\"2\" tabindex=\"-1\" aria-expanded=\"false\" aria-controls=\"e-n-accordion-item-1161\" >\n\t\t\t\t\t<span class='e-n-accordion-item-title-header'><div class=\"e-n-accordion-item-title-text\"> Allerg\u00e8nes <\/div><\/span>\n\t\t\t\t\t\t\t<span class='e-n-accordion-item-title-icon'>\n\t\t\t<span class='e-opened' ><svg aria-hidden=\"true\" class=\"e-font-icon-svg e-fas-minus-square\" viewBox=\"0 0 448 512\" xmlns=\"http:\/\/www.w3.org\/2000\/svg\"><path d=\"M400 32H48C21.5 32 0 53.5 0 80v352c0 26.5 21.5 48 48 48h352c26.5 0 48-21.5 48-48V80c0-26.5-21.5-48-48-48zM92 296c-6.6 0-12-5.4-12-12v-56c0-6.6 5.4-12 12-12h264c6.6 0 12 5.4 12 12v56c0 6.6-5.4 12-12 12H92z\"><\/path><\/svg><\/span>\n\t\t\t<span class='e-closed'><svg aria-hidden=\"true\" class=\"e-font-icon-svg e-fas-plus-square\" viewBox=\"0 0 448 512\" xmlns=\"http:\/\/www.w3.org\/2000\/svg\"><path d=\"M400 32H48C21.5 32 0 53.5 0 80v352c0 26.5 21.5 48 48 48h352c26.5 0 48-21.5 48-48V80c0-26.5-21.5-48-48-48zm-32 252c0 6.6-5.4 12-12 12h-92v92c0 6.6-5.4 12-12 12h-56c-6.6 0-12-5.4-12-12v-92H92c-6.6 0-12-5.4-12-12v-56c0-6.6 5.4-12 12-12h92v-92c0-6.6 5.4-12 12-12h56c6.6 0 12 5.4 12 12v92h92c6.6 0 12 5.4 12 12v56z\"><\/path><\/svg><\/span>\n\t\t<\/span>\n\n\t\t\t\t\t\t<\/summary>\n\t\t\t\t<div role=\"region\" aria-labelledby=\"e-n-accordion-item-1161\" class=\"elementor-element elementor-element-73267954 e-con-full e-flex e-con e-child\" data-id=\"73267954\" data-element_type=\"container\" data-e-type=\"container\">\n\t\t\t\t<div class=\"elementor-element elementor-element-23fc0995 elementor-widget elementor-widget-text-editor\" data-id=\"23fc0995\" data-element_type=\"widget\" data-e-type=\"widget\" data-widget_type=\"text-editor.default\">\n\t\t\t\t<div class=\"elementor-widget-container\">\n\t\t\t\t\t\t\t\t\t<p>Pr\u00e9sence de fruits \u00e0 coque et lactose.<\/p><p><img decoding=\"async\" class=\"alignnone  wp-image-2729\" src=\"https:\/\/maison-dupuy.com\/wp-content\/uploads\/2024\/09\/Maison-dupuy-fruits-a-coque.png\" alt=\"Ic\u00f4ne de pr\u00e9sence de fruits \u00e0 coque\" width=\"80\" height=\"80\" srcset=\"https:\/\/maison-dupuy.com\/wp-content\/uploads\/2024\/09\/Maison-dupuy-fruits-a-coque.png 200w, https:\/\/maison-dupuy.com\/wp-content\/uploads\/2024\/09\/Maison-dupuy-fruits-a-coque-150x150.png 150w, https:\/\/maison-dupuy.com\/wp-content\/uploads\/2024\/09\/Maison-dupuy-fruits-a-coque-100x100.png 100w\" sizes=\"(max-width: 80px) 100vw, 80px\" \/> <img decoding=\"async\" class=\"alignnone  wp-image-2728\" src=\"https:\/\/maison-dupuy.com\/wp-content\/uploads\/2024\/09\/Maison-dupuy-lactose.png\" alt=\"Ic\u00f4ne de pr\u00e9sence de lactose\" width=\"80\" height=\"80\" srcset=\"https:\/\/maison-dupuy.com\/wp-content\/uploads\/2024\/09\/Maison-dupuy-lactose.png 200w, https:\/\/maison-dupuy.com\/wp-content\/uploads\/2024\/09\/Maison-dupuy-lactose-150x150.png 150w, https:\/\/maison-dupuy.com\/wp-content\/uploads\/2024\/09\/Maison-dupuy-lactose-100x100.png 100w\" sizes=\"(max-width: 80px) 100vw, 80px\" \/><\/p>\t\t\t\t\t\t\t\t<\/div>\n\t\t\t\t<\/div>\n\t\t\t\t<\/div>\n\t\t\t\t\t<\/details>\n\t\t\t\t\t<\/div>\n\t\t\t\t\t\t<\/div>\n\t\t\t\t<\/div>\n\t\t\t\t\t<\/div>\n\t\t\t\t<\/div>\n\t\t\t\t<\/div>\n\t\t","protected":false},"excerpt":{"rendered":"<p>Coffret de 6 Pralin\u00e9s aux noisettes avec du chocolat noir. La noisette torr\u00e9fi\u00e9e s\u2019\u00e9panouit pleinement avec le chocolat noir 70%. Les ar\u00f4mes grill\u00e9s de la noisette trouvent \u00e9cho dans les notes bois\u00e9es du chocolat noir, offrant un pralin\u00e9 riche en nuances et en profondeur, id\u00e9al pour ceux qui recherchent une gourmandise au caract\u00e8re affirm\u00e9. D\u00e9couvrez [&hellip;]<\/p>\n","protected":false},"featured_media":3247,"comment_status":"open","ping_status":"closed","template":"","meta":[],"product_brand":[],"product_cat":[48],"product_tag":[],"class_list":{"0":"post-2234","1":"product","2":"type-product","3":"status-publish","4":"has-post-thumbnail","6":"product_cat-pralines","8":"first","9":"instock","10":"taxable","11":"shipping-taxable","12":"purchasable","13":"product-type-simple"},"yoast_head":"<!-- This site is optimized with the Yoast SEO plugin v27.4 - https:\/\/yoast.com\/product\/yoast-seo-wordpress\/ -->\n<title>Coffret de 6 Pralin\u00e9s aux Noisettes (Chocolat noir)<\/title>\n<meta name=\"description\" content=\"D\u00e9couvrez le Coffret de 6 Pralin\u00e9s aux noisettes avec du chocolat noir. Une alliance gourmande entre le croquant des noisettes et l&#039;intensit\u00e9 du chocolat.\" \/>\n<meta name=\"robots\" content=\"index, follow, max-snippet:-1, max-image-preview:large, max-video-preview:-1\" \/>\n<link rel=\"canonical\" href=\"https:\/\/maison-dupuy.com\/en\/produit\/coffret-de-6-pralines-aux-noisettes-chocolat-noir\/\" \/>\n<meta property=\"og:locale\" content=\"en_US\" \/>\n<meta property=\"og:locale:alternate\" content=\"fr_CA\" \/>\n<meta property=\"og:type\" content=\"article\" \/>\n<meta property=\"og:title\" content=\"Coffret de 6 Pralin\u00e9s aux Noisettes (Chocolat noir)\" \/>\n<meta property=\"og:description\" content=\"D\u00e9couvrez le Coffret de 6 Pralin\u00e9s aux noisettes avec du chocolat noir. Une alliance gourmande entre le croquant des noisettes et l&#039;intensit\u00e9 du chocolat.\" \/>\n<meta property=\"og:url\" content=\"https:\/\/maison-dupuy.com\/en\/produit\/coffret-de-6-pralines-aux-noisettes-chocolat-noir\/\" \/>\n<meta property=\"og:site_name\" content=\"Achats &amp; Livraison de Confiseries en Ligne | Maison Dupuy\" \/>\n<meta property=\"article:modified_time\" content=\"2025-04-23T12:25:05+00:00\" \/>\n<meta property=\"og:image\" content=\"https:\/\/maison-dupuy.com\/wp-content\/uploads\/2024\/08\/Image-page-produit-Pralines-chocolat-noir-Noisettes-1.jpg\" \/>\n\t<meta property=\"og:image:width\" content=\"762\" \/>\n\t<meta property=\"og:image:height\" content=\"762\" \/>\n\t<meta property=\"og:image:type\" content=\"image\/jpeg\" \/>\n<meta name=\"twitter:card\" content=\"summary_large_image\" \/>\n<meta name=\"twitter:label1\" content=\"Est. reading time\" \/>\n\t<meta name=\"twitter:data1\" content=\"2 minutes\" \/>\n<script type=\"application\/ld+json\" class=\"yoast-schema-graph\">{\"@context\":\"https:\\\/\\\/schema.org\",\"@graph\":[{\"@type\":\"WebPage\",\"@id\":\"https:\\\/\\\/maison-dupuy.com\\\/produit\\\/coffret-de-6-pralines-aux-noisettes-chocolat-noir\\\/\",\"url\":\"https:\\\/\\\/maison-dupuy.com\\\/produit\\\/coffret-de-6-pralines-aux-noisettes-chocolat-noir\\\/\",\"name\":\"Coffret de 6 Pralin\u00e9s aux Noisettes (Chocolat noir)\",\"isPartOf\":{\"@id\":\"https:\\\/\\\/maison-dupuy.com\\\/#website\"},\"primaryImageOfPage\":{\"@id\":\"https:\\\/\\\/maison-dupuy.com\\\/produit\\\/coffret-de-6-pralines-aux-noisettes-chocolat-noir\\\/#primaryimage\"},\"image\":{\"@id\":\"https:\\\/\\\/maison-dupuy.com\\\/produit\\\/coffret-de-6-pralines-aux-noisettes-chocolat-noir\\\/#primaryimage\"},\"thumbnailUrl\":\"https:\\\/\\\/maison-dupuy.com\\\/wp-content\\\/uploads\\\/2024\\\/08\\\/Image-page-produit-Pralines-chocolat-noir-Noisettes-1.jpg\",\"datePublished\":\"2024-08-27T15:44:31+00:00\",\"dateModified\":\"2025-04-23T12:25:05+00:00\",\"description\":\"D\u00e9couvrez le Coffret de 6 Pralin\u00e9s aux noisettes avec du chocolat noir. Une alliance gourmande entre le croquant des noisettes et l'intensit\u00e9 du chocolat.\",\"breadcrumb\":{\"@id\":\"https:\\\/\\\/maison-dupuy.com\\\/produit\\\/coffret-de-6-pralines-aux-noisettes-chocolat-noir\\\/#breadcrumb\"},\"inLanguage\":\"en-US\",\"potentialAction\":[{\"@type\":\"ReadAction\",\"target\":[\"https:\\\/\\\/maison-dupuy.com\\\/produit\\\/coffret-de-6-pralines-aux-noisettes-chocolat-noir\\\/\"]}]},{\"@type\":\"ImageObject\",\"inLanguage\":\"en-US\",\"@id\":\"https:\\\/\\\/maison-dupuy.com\\\/produit\\\/coffret-de-6-pralines-aux-noisettes-chocolat-noir\\\/#primaryimage\",\"url\":\"https:\\\/\\\/maison-dupuy.com\\\/wp-content\\\/uploads\\\/2024\\\/08\\\/Image-page-produit-Pralines-chocolat-noir-Noisettes-1.jpg\",\"contentUrl\":\"https:\\\/\\\/maison-dupuy.com\\\/wp-content\\\/uploads\\\/2024\\\/08\\\/Image-page-produit-Pralines-chocolat-noir-Noisettes-1.jpg\",\"width\":762,\"height\":762,\"caption\":\"Coffret de 6 Pralin\u00e9s aux noisettes avec du chocolat noir\"},{\"@type\":\"BreadcrumbList\",\"@id\":\"https:\\\/\\\/maison-dupuy.com\\\/produit\\\/coffret-de-6-pralines-aux-noisettes-chocolat-noir\\\/#breadcrumb\",\"itemListElement\":[{\"@type\":\"ListItem\",\"position\":1,\"name\":\"Home\",\"item\":\"https:\\\/\\\/maison-dupuy.com\\\/\"},{\"@type\":\"ListItem\",\"position\":2,\"name\":\"Produits\",\"item\":\"https:\\\/\\\/maison-dupuy.com\\\/shop\\\/\"},{\"@type\":\"ListItem\",\"position\":3,\"name\":\"Coffret de 6 Pralin\u00e9s aux Noisettes (Chocolat noir)\"}]},{\"@type\":\"WebSite\",\"@id\":\"https:\\\/\\\/maison-dupuy.com\\\/#website\",\"url\":\"https:\\\/\\\/maison-dupuy.com\\\/\",\"name\":\"Achats & Livraison de Confiseries en Ligne | Maison Dupuy\",\"description\":\"\",\"publisher\":{\"@id\":\"https:\\\/\\\/maison-dupuy.com\\\/#organization\"},\"potentialAction\":[{\"@type\":\"SearchAction\",\"target\":{\"@type\":\"EntryPoint\",\"urlTemplate\":\"https:\\\/\\\/maison-dupuy.com\\\/?s={search_term_string}\"},\"query-input\":{\"@type\":\"PropertyValueSpecification\",\"valueRequired\":true,\"valueName\":\"search_term_string\"}}],\"inLanguage\":\"en-US\"},{\"@type\":\"Organization\",\"@id\":\"https:\\\/\\\/maison-dupuy.com\\\/#organization\",\"name\":\"Maison Dupuy\",\"url\":\"https:\\\/\\\/maison-dupuy.com\\\/\",\"logo\":{\"@type\":\"ImageObject\",\"inLanguage\":\"en-US\",\"@id\":\"https:\\\/\\\/maison-dupuy.com\\\/#\\\/schema\\\/logo\\\/image\\\/\",\"url\":\"https:\\\/\\\/maison-dupuy.com\\\/wp-content\\\/uploads\\\/2024\\\/08\\\/Logo-Maison-Dupuy-1000x300-version-longue-or.png\",\"contentUrl\":\"https:\\\/\\\/maison-dupuy.com\\\/wp-content\\\/uploads\\\/2024\\\/08\\\/Logo-Maison-Dupuy-1000x300-version-longue-or.png\",\"width\":1000,\"height\":300,\"caption\":\"Maison Dupuy\"},\"image\":{\"@id\":\"https:\\\/\\\/maison-dupuy.com\\\/#\\\/schema\\\/logo\\\/image\\\/\"},\"sameAs\":[\"https:\\\/\\\/www.instagram.com\\\/_maison_dupuy_\\\/\"]}]}<\/script>\n<!-- \/ Yoast SEO plugin. -->","yoast_head_json":{"title":"Coffret de 6 Pralin\u00e9s aux Noisettes (Chocolat noir)","description":"D\u00e9couvrez le Coffret de 6 Pralin\u00e9s aux noisettes avec du chocolat noir. Une alliance gourmande entre le croquant des noisettes et l'intensit\u00e9 du chocolat.","robots":{"index":"index","follow":"follow","max-snippet":"max-snippet:-1","max-image-preview":"max-image-preview:large","max-video-preview":"max-video-preview:-1"},"canonical":"https:\/\/maison-dupuy.com\/en\/produit\/coffret-de-6-pralines-aux-noisettes-chocolat-noir\/","og_locale":"en_US","og_type":"article","og_title":"[:fr]Coffret de 6 Pralin\u00e9s aux Noisettes (Chocolat noir)[:] - Achats & Livraison de Confiseries en Ligne | Maison Dupuy","og_description":"[:fr]D\u00e9couvrez le Coffret de 6 Pralin\u00e9s aux noisettes avec du chocolat noir. Une alliance gourmande entre le croquant des noisettes et l'intensit\u00e9 du chocolat.[:]","og_url":"https:\/\/maison-dupuy.com\/en\/produit\/coffret-de-6-pralines-aux-noisettes-chocolat-noir\/","og_site_name":"Achats & Livraison de Confiseries en Ligne | Maison Dupuy","article_modified_time":"2025-04-23T12:25:05+00:00","og_image":[{"width":762,"height":762,"url":"https:\/\/maison-dupuy.com\/wp-content\/uploads\/2024\/08\/Image-page-produit-Pralines-chocolat-noir-Noisettes-1.jpg","type":"image\/jpeg"}],"twitter_card":"summary_large_image","twitter_misc":{"Est. reading time":"2 minutes"},"schema":{"@context":"https:\/\/schema.org","@graph":[{"@type":"WebPage","@id":"https:\/\/maison-dupuy.com\/produit\/coffret-de-6-pralines-aux-noisettes-chocolat-noir\/","url":"https:\/\/maison-dupuy.com\/produit\/coffret-de-6-pralines-aux-noisettes-chocolat-noir\/","name":"Coffret de 6 Pralin\u00e9s aux Noisettes (Chocolat noir)","isPartOf":{"@id":"https:\/\/maison-dupuy.com\/#website"},"primaryImageOfPage":{"@id":"https:\/\/maison-dupuy.com\/produit\/coffret-de-6-pralines-aux-noisettes-chocolat-noir\/#primaryimage"},"image":{"@id":"https:\/\/maison-dupuy.com\/produit\/coffret-de-6-pralines-aux-noisettes-chocolat-noir\/#primaryimage"},"thumbnailUrl":"https:\/\/maison-dupuy.com\/wp-content\/uploads\/2024\/08\/Image-page-produit-Pralines-chocolat-noir-Noisettes-1.jpg","datePublished":"2024-08-27T15:44:31+00:00","dateModified":"2025-04-23T12:25:05+00:00","description":"D\u00e9couvrez le Coffret de 6 Pralin\u00e9s aux noisettes avec du chocolat noir. Une alliance gourmande entre le croquant des noisettes et l'intensit\u00e9 du chocolat.","breadcrumb":{"@id":"https:\/\/maison-dupuy.com\/produit\/coffret-de-6-pralines-aux-noisettes-chocolat-noir\/#breadcrumb"},"inLanguage":"en-US","potentialAction":[{"@type":"ReadAction","target":["https:\/\/maison-dupuy.com\/produit\/coffret-de-6-pralines-aux-noisettes-chocolat-noir\/"]}]},{"@type":"ImageObject","inLanguage":"en-US","@id":"https:\/\/maison-dupuy.com\/produit\/coffret-de-6-pralines-aux-noisettes-chocolat-noir\/#primaryimage","url":"https:\/\/maison-dupuy.com\/wp-content\/uploads\/2024\/08\/Image-page-produit-Pralines-chocolat-noir-Noisettes-1.jpg","contentUrl":"https:\/\/maison-dupuy.com\/wp-content\/uploads\/2024\/08\/Image-page-produit-Pralines-chocolat-noir-Noisettes-1.jpg","width":762,"height":762,"caption":"Coffret de 6 Pralin\u00e9s aux noisettes avec du chocolat noir"},{"@type":"BreadcrumbList","@id":"https:\/\/maison-dupuy.com\/produit\/coffret-de-6-pralines-aux-noisettes-chocolat-noir\/#breadcrumb","itemListElement":[{"@type":"ListItem","position":1,"name":"Home","item":"https:\/\/maison-dupuy.com\/"},{"@type":"ListItem","position":2,"name":"Produits","item":"https:\/\/maison-dupuy.com\/shop\/"},{"@type":"ListItem","position":3,"name":"Coffret de 6 Pralin\u00e9s aux Noisettes (Chocolat noir)"}]},{"@type":"WebSite","@id":"https:\/\/maison-dupuy.com\/#website","url":"https:\/\/maison-dupuy.com\/","name":"Achats & Livraison de Confiseries en Ligne | Maison Dupuy","description":"","publisher":{"@id":"https:\/\/maison-dupuy.com\/#organization"},"potentialAction":[{"@type":"SearchAction","target":{"@type":"EntryPoint","urlTemplate":"https:\/\/maison-dupuy.com\/?s={search_term_string}"},"query-input":{"@type":"PropertyValueSpecification","valueRequired":true,"valueName":"search_term_string"}}],"inLanguage":"en-US"},{"@type":"Organization","@id":"https:\/\/maison-dupuy.com\/#organization","name":"Maison Dupuy","url":"https:\/\/maison-dupuy.com\/","logo":{"@type":"ImageObject","inLanguage":"en-US","@id":"https:\/\/maison-dupuy.com\/#\/schema\/logo\/image\/","url":"https:\/\/maison-dupuy.com\/wp-content\/uploads\/2024\/08\/Logo-Maison-Dupuy-1000x300-version-longue-or.png","contentUrl":"https:\/\/maison-dupuy.com\/wp-content\/uploads\/2024\/08\/Logo-Maison-Dupuy-1000x300-version-longue-or.png","width":1000,"height":300,"caption":"Maison Dupuy"},"image":{"@id":"https:\/\/maison-dupuy.com\/#\/schema\/logo\/image\/"},"sameAs":["https:\/\/www.instagram.com\/_maison_dupuy_\/"]}]}},"_links":{"self":[{"href":"https:\/\/maison-dupuy.com\/en\/wp-json\/wp\/v2\/product\/2234","targetHints":{"allow":["GET"]}}],"collection":[{"href":"https:\/\/maison-dupuy.com\/en\/wp-json\/wp\/v2\/product"}],"about":[{"href":"https:\/\/maison-dupuy.com\/en\/wp-json\/wp\/v2\/types\/product"}],"replies":[{"embeddable":true,"href":"https:\/\/maison-dupuy.com\/en\/wp-json\/wp\/v2\/comments?post=2234"}],"version-history":[{"count":0,"href":"https:\/\/maison-dupuy.com\/en\/wp-json\/wp\/v2\/product\/2234\/revisions"}],"wp:featuredmedia":[{"embeddable":true,"href":"https:\/\/maison-dupuy.com\/en\/wp-json\/wp\/v2\/media\/3247"}],"wp:attachment":[{"href":"https:\/\/maison-dupuy.com\/en\/wp-json\/wp\/v2\/media?parent=2234"}],"wp:term":[{"taxonomy":"product_brand","embeddable":true,"href":"https:\/\/maison-dupuy.com\/en\/wp-json\/wp\/v2\/product_brand?post=2234"},{"taxonomy":"product_cat","embeddable":true,"href":"https:\/\/maison-dupuy.com\/en\/wp-json\/wp\/v2\/product_cat?post=2234"},{"taxonomy":"product_tag","embeddable":true,"href":"https:\/\/maison-dupuy.com\/en\/wp-json\/wp\/v2\/product_tag?post=2234"}],"curies":[{"name":"wp","href":"https:\/\/api.w.org\/{rel}","templated":true}]}}