{"id":2238,"date":"2024-08-27T15:44:32","date_gmt":"2024-08-27T15:44:32","guid":{"rendered":"http:\/\/shmuel"},"modified":"2025-04-23T12:19:38","modified_gmt":"2025-04-23T12:19:38","slug":"coffret-de-6-pralines-aux-noix-de-pecan-chocolat-au-lait","status":"publish","type":"product","link":"https:\/\/maison-dupuy.com\/en\/produit\/coffret-de-6-pralines-aux-noix-de-pecan-chocolat-au-lait\/","title":{"rendered":"Coffret de 6 Pralin\u00e9s aux Noix de P\u00e9can (Chocolat au lait)"},"content":{"rendered":"\t\t<div data-elementor-type=\"product-post\" data-elementor-id=\"2238\" class=\"elementor elementor-2238\" data-elementor-post-type=\"product\">\n\t\t\t\t<div class=\"elementor-element elementor-element-35604e7c e-flex e-con-boxed e-con e-parent\" data-id=\"35604e7c\" data-element_type=\"container\" data-e-type=\"container\">\n\t\t\t\t\t<div class=\"e-con-inner\">\n\t\t\t\t<div class=\"elementor-element elementor-element-408579a elementor-widget elementor-widget-text-editor\" data-id=\"408579a\" data-element_type=\"widget\" data-e-type=\"widget\" data-widget_type=\"text-editor.default\">\n\t\t\t\t<div class=\"elementor-widget-container\">\n\t\t\t\t\t\t\t\t\t<p>Coffret de 6 pralin\u00e9s aux noix de p\u00e9can avec du chocolat au lait. Le chocolat au lait 46% pur R\u00e9publique Dominicaine sublime la noix de p\u00e9can avec ses ar\u00f4mes de c\u00e9r\u00e9ales et de fruits m\u00fbrs. Cette combinaison offre un pralin\u00e9 \u00e0 la fois croquant et fondant, o\u00f9 chaque bouch\u00e9e est une explosion de saveurs r\u00e9confortantes et riches en cacao. <span style=\"text-decoration: underline;\"><strong><a href=\"https:\/\/maison-dupuy.com\/pralines\/\">D\u00e9couvrez d&#8217;autres parfums<\/a><\/strong><\/span><\/p>\t\t\t\t\t\t\t\t<\/div>\n\t\t\t\t<\/div>\n\t\t\t\t<div class=\"elementor-element elementor-element-33bd6ded elementor-widget elementor-widget-n-accordion\" data-id=\"33bd6ded\" data-element_type=\"widget\" data-e-type=\"widget\" data-settings=\"{&quot;default_state&quot;:&quot;all_collapsed&quot;,&quot;max_items_expended&quot;:&quot;one&quot;,&quot;n_accordion_animation_duration&quot;:{&quot;unit&quot;:&quot;ms&quot;,&quot;size&quot;:400,&quot;sizes&quot;:[]}}\" data-widget_type=\"nested-accordion.default\">\n\t\t\t\t<div class=\"elementor-widget-container\">\n\t\t\t\t\t\t\t<div class=\"e-n-accordion\" aria-label=\"Accordion. Open links with Enter or Space, close with Escape, and navigate with Arrow Keys\">\n\t\t\t\t\t\t<details id=\"e-n-accordion-item-8680\" class=\"e-n-accordion-item\" >\n\t\t\t\t<summary class=\"e-n-accordion-item-title\" data-accordion-index=\"1\" tabindex=\"0\" aria-expanded=\"false\" aria-controls=\"e-n-accordion-item-8680\" >\n\t\t\t\t\t<span class='e-n-accordion-item-title-header'><div class=\"e-n-accordion-item-title-text\"> Conseils d\u00e9gustations <\/div><\/span>\n\t\t\t\t\t\t\t<span class='e-n-accordion-item-title-icon'>\n\t\t\t<span class='e-opened' ><svg aria-hidden=\"true\" class=\"e-font-icon-svg e-fas-minus-square\" viewBox=\"0 0 448 512\" xmlns=\"http:\/\/www.w3.org\/2000\/svg\"><path d=\"M400 32H48C21.5 32 0 53.5 0 80v352c0 26.5 21.5 48 48 48h352c26.5 0 48-21.5 48-48V80c0-26.5-21.5-48-48-48zM92 296c-6.6 0-12-5.4-12-12v-56c0-6.6 5.4-12 12-12h264c6.6 0 12 5.4 12 12v56c0 6.6-5.4 12-12 12H92z\"><\/path><\/svg><\/span>\n\t\t\t<span class='e-closed'><svg aria-hidden=\"true\" class=\"e-font-icon-svg e-fas-plus-square\" viewBox=\"0 0 448 512\" xmlns=\"http:\/\/www.w3.org\/2000\/svg\"><path d=\"M400 32H48C21.5 32 0 53.5 0 80v352c0 26.5 21.5 48 48 48h352c26.5 0 48-21.5 48-48V80c0-26.5-21.5-48-48-48zm-32 252c0 6.6-5.4 12-12 12h-92v92c0 6.6-5.4 12-12 12h-56c-6.6 0-12-5.4-12-12v-92H92c-6.6 0-12-5.4-12-12v-56c0-6.6 5.4-12 12-12h92v-92c0-6.6 5.4-12 12-12h56c6.6 0 12 5.4 12 12v92h92c6.6 0 12 5.4 12 12v56z\"><\/path><\/svg><\/span>\n\t\t<\/span>\n\n\t\t\t\t\t\t<\/summary>\n\t\t\t\t<div role=\"region\" aria-labelledby=\"e-n-accordion-item-8680\" class=\"elementor-element elementor-element-60d26c13 e-con-full e-flex e-con e-child\" data-id=\"60d26c13\" data-element_type=\"container\" data-e-type=\"container\">\n\t\t\t\t<div class=\"elementor-element elementor-element-2da8a4ac elementor-widget elementor-widget-text-editor\" data-id=\"2da8a4ac\" data-element_type=\"widget\" data-e-type=\"widget\" data-widget_type=\"text-editor.default\">\n\t\t\t\t<div class=\"elementor-widget-container\">\n\t\t\t\t\t\t\t\t\t<p>Les pralin\u00e9s Maison Dupuy r\u00e9v\u00e8lent toutes leurs saveurs \u00e0 temp\u00e9rature ambiante. Pour une d\u00e9gustation optimale, sortez les du r\u00e9frig\u00e9rateur <strong>environ 10 minutes avant<\/strong>. Conservez les dans la partie inf\u00e9rieure du r\u00e9frig\u00e9rateur, o\u00f9 ils resteront frais <strong>jusqu\u2019\u00e0 4 jours<\/strong>. Afin de pr\u00e9server leurs ar\u00f4mes et leur texture, nos pralin\u00e9s sont pr\u00e9par\u00e9s avec des m\u00e9thodes qui garantissent leur qualit\u00e9 irr\u00e9prochable.<\/p>\t\t\t\t\t\t\t\t<\/div>\n\t\t\t\t<\/div>\n\t\t\t\t<\/div>\n\t\t\t\t\t<\/details>\n\t\t\t\t\t\t<details id=\"e-n-accordion-item-8681\" class=\"e-n-accordion-item\" >\n\t\t\t\t<summary class=\"e-n-accordion-item-title\" data-accordion-index=\"2\" tabindex=\"-1\" aria-expanded=\"false\" aria-controls=\"e-n-accordion-item-8681\" >\n\t\t\t\t\t<span class='e-n-accordion-item-title-header'><div class=\"e-n-accordion-item-title-text\"> Allerg\u00e8nes <\/div><\/span>\n\t\t\t\t\t\t\t<span class='e-n-accordion-item-title-icon'>\n\t\t\t<span class='e-opened' ><svg aria-hidden=\"true\" class=\"e-font-icon-svg e-fas-minus-square\" viewBox=\"0 0 448 512\" xmlns=\"http:\/\/www.w3.org\/2000\/svg\"><path d=\"M400 32H48C21.5 32 0 53.5 0 80v352c0 26.5 21.5 48 48 48h352c26.5 0 48-21.5 48-48V80c0-26.5-21.5-48-48-48zM92 296c-6.6 0-12-5.4-12-12v-56c0-6.6 5.4-12 12-12h264c6.6 0 12 5.4 12 12v56c0 6.6-5.4 12-12 12H92z\"><\/path><\/svg><\/span>\n\t\t\t<span class='e-closed'><svg aria-hidden=\"true\" class=\"e-font-icon-svg e-fas-plus-square\" viewBox=\"0 0 448 512\" xmlns=\"http:\/\/www.w3.org\/2000\/svg\"><path d=\"M400 32H48C21.5 32 0 53.5 0 80v352c0 26.5 21.5 48 48 48h352c26.5 0 48-21.5 48-48V80c0-26.5-21.5-48-48-48zm-32 252c0 6.6-5.4 12-12 12h-92v92c0 6.6-5.4 12-12 12h-56c-6.6 0-12-5.4-12-12v-92H92c-6.6 0-12-5.4-12-12v-56c0-6.6 5.4-12 12-12h92v-92c0-6.6 5.4-12 12-12h56c6.6 0 12 5.4 12 12v92h92c6.6 0 12 5.4 12 12v56z\"><\/path><\/svg><\/span>\n\t\t<\/span>\n\n\t\t\t\t\t\t<\/summary>\n\t\t\t\t<div role=\"region\" aria-labelledby=\"e-n-accordion-item-8681\" class=\"elementor-element elementor-element-18547e9c e-con-full e-flex e-con e-child\" data-id=\"18547e9c\" data-element_type=\"container\" data-e-type=\"container\">\n\t\t\t\t<div class=\"elementor-element elementor-element-71aef264 elementor-widget elementor-widget-text-editor\" data-id=\"71aef264\" data-element_type=\"widget\" data-e-type=\"widget\" data-widget_type=\"text-editor.default\">\n\t\t\t\t<div class=\"elementor-widget-container\">\n\t\t\t\t\t\t\t\t\t<p>Pr\u00e9sence de fruits \u00e0 coque et lactose.<\/p><p><img decoding=\"async\" class=\"alignnone  wp-image-2729\" src=\"https:\/\/maison-dupuy.com\/wp-content\/uploads\/2024\/09\/Maison-dupuy-fruits-a-coque.png\" alt=\"Ic\u00f4ne de pr\u00e9sence de fruits \u00e0 coque\" width=\"80\" height=\"80\" srcset=\"https:\/\/maison-dupuy.com\/wp-content\/uploads\/2024\/09\/Maison-dupuy-fruits-a-coque.png 200w, https:\/\/maison-dupuy.com\/wp-content\/uploads\/2024\/09\/Maison-dupuy-fruits-a-coque-150x150.png 150w, https:\/\/maison-dupuy.com\/wp-content\/uploads\/2024\/09\/Maison-dupuy-fruits-a-coque-100x100.png 100w\" sizes=\"(max-width: 80px) 100vw, 80px\" \/> <img decoding=\"async\" class=\"alignnone  wp-image-2728\" src=\"https:\/\/maison-dupuy.com\/wp-content\/uploads\/2024\/09\/Maison-dupuy-lactose.png\" alt=\"Ic\u00f4ne de pr\u00e9sence de lactose\" width=\"80\" height=\"80\" srcset=\"https:\/\/maison-dupuy.com\/wp-content\/uploads\/2024\/09\/Maison-dupuy-lactose.png 200w, https:\/\/maison-dupuy.com\/wp-content\/uploads\/2024\/09\/Maison-dupuy-lactose-150x150.png 150w, https:\/\/maison-dupuy.com\/wp-content\/uploads\/2024\/09\/Maison-dupuy-lactose-100x100.png 100w\" sizes=\"(max-width: 80px) 100vw, 80px\" \/><\/p>\t\t\t\t\t\t\t\t<\/div>\n\t\t\t\t<\/div>\n\t\t\t\t<\/div>\n\t\t\t\t\t<\/details>\n\t\t\t\t\t<\/div>\n\t\t\t\t\t\t<\/div>\n\t\t\t\t<\/div>\n\t\t\t\t\t<\/div>\n\t\t\t\t<\/div>\n\t\t\t\t<\/div>\n\t\t","protected":false},"excerpt":{"rendered":"<p>Coffret de 6 pralin\u00e9s aux noix de p\u00e9can avec du chocolat au lait. Le chocolat au lait 46% pur R\u00e9publique Dominicaine sublime la noix de p\u00e9can avec ses ar\u00f4mes de c\u00e9r\u00e9ales et de fruits m\u00fbrs. Cette combinaison offre un pralin\u00e9 \u00e0 la fois croquant et fondant, o\u00f9 chaque bouch\u00e9e est une explosion de saveurs r\u00e9confortantes [&hellip;]<\/p>\n","protected":false},"featured_media":3233,"comment_status":"open","ping_status":"closed","template":"","meta":[],"product_brand":[],"product_cat":[48],"product_tag":[],"class_list":{"0":"post-2238","1":"product","2":"type-product","3":"status-publish","4":"has-post-thumbnail","6":"product_cat-pralines","8":"first","9":"instock","10":"taxable","11":"shipping-taxable","12":"purchasable","13":"product-type-simple"},"yoast_head":"<!-- This site is optimized with the Yoast SEO plugin v27.4 - https:\/\/yoast.com\/product\/yoast-seo-wordpress\/ -->\n<title>Coffret de 6 Pralin\u00e9s aux Noix de P\u00e9can (Chocolat au lait)<\/title>\n<meta name=\"description\" content=\"Savourez notre Coffret de 6 Pralin\u00e9s aux noix de p\u00e9can avec du chocolat au lait. Une d\u00e9licieuse union entre croquant et douceur chocolat\u00e9e.\" \/>\n<meta name=\"robots\" content=\"index, follow, max-snippet:-1, max-image-preview:large, max-video-preview:-1\" \/>\n<link rel=\"canonical\" href=\"https:\/\/maison-dupuy.com\/en\/produit\/coffret-de-6-pralines-aux-noix-de-pecan-chocolat-au-lait\/\" \/>\n<meta property=\"og:locale\" content=\"en_US\" \/>\n<meta property=\"og:locale:alternate\" content=\"fr_CA\" \/>\n<meta property=\"og:type\" content=\"article\" \/>\n<meta property=\"og:title\" content=\"Coffret de 6 Pralin\u00e9s aux Noix de P\u00e9can (Chocolat au lait)\" \/>\n<meta property=\"og:description\" content=\"Savourez notre Coffret de 6 Pralin\u00e9s aux noix de p\u00e9can avec du chocolat au lait. Une d\u00e9licieuse union entre croquant et douceur chocolat\u00e9e.\" \/>\n<meta property=\"og:url\" content=\"https:\/\/maison-dupuy.com\/en\/produit\/coffret-de-6-pralines-aux-noix-de-pecan-chocolat-au-lait\/\" \/>\n<meta property=\"og:site_name\" content=\"Achats &amp; Livraison de Confiseries en Ligne | Maison Dupuy\" \/>\n<meta property=\"article:modified_time\" content=\"2025-04-23T12:19:38+00:00\" \/>\n<meta property=\"og:image\" content=\"https:\/\/maison-dupuy.com\/wp-content\/uploads\/2024\/08\/Image-page-produit-Pralines-JSP.jpg\" \/>\n\t<meta property=\"og:image:width\" content=\"762\" \/>\n\t<meta property=\"og:image:height\" content=\"762\" \/>\n\t<meta property=\"og:image:type\" content=\"image\/jpeg\" \/>\n<meta name=\"twitter:card\" content=\"summary_large_image\" \/>\n<meta name=\"twitter:label1\" content=\"Est. reading time\" \/>\n\t<meta name=\"twitter:data1\" content=\"2 minutes\" \/>\n<script type=\"application\/ld+json\" class=\"yoast-schema-graph\">{\"@context\":\"https:\\\/\\\/schema.org\",\"@graph\":[{\"@type\":\"WebPage\",\"@id\":\"https:\\\/\\\/maison-dupuy.com\\\/produit\\\/coffret-de-6-pralines-aux-noix-de-pecan-chocolat-au-lait\\\/\",\"url\":\"https:\\\/\\\/maison-dupuy.com\\\/produit\\\/coffret-de-6-pralines-aux-noix-de-pecan-chocolat-au-lait\\\/\",\"name\":\"Coffret de 6 Pralin\u00e9s aux Noix de P\u00e9can (Chocolat au lait)\",\"isPartOf\":{\"@id\":\"https:\\\/\\\/maison-dupuy.com\\\/#website\"},\"primaryImageOfPage\":{\"@id\":\"https:\\\/\\\/maison-dupuy.com\\\/produit\\\/coffret-de-6-pralines-aux-noix-de-pecan-chocolat-au-lait\\\/#primaryimage\"},\"image\":{\"@id\":\"https:\\\/\\\/maison-dupuy.com\\\/produit\\\/coffret-de-6-pralines-aux-noix-de-pecan-chocolat-au-lait\\\/#primaryimage\"},\"thumbnailUrl\":\"https:\\\/\\\/maison-dupuy.com\\\/wp-content\\\/uploads\\\/2024\\\/08\\\/Image-page-produit-Pralines-JSP.jpg\",\"datePublished\":\"2024-08-27T15:44:32+00:00\",\"dateModified\":\"2025-04-23T12:19:38+00:00\",\"description\":\"Savourez notre Coffret de 6 Pralin\u00e9s aux noix de p\u00e9can avec du chocolat au lait. Une d\u00e9licieuse union entre croquant et douceur chocolat\u00e9e.\",\"breadcrumb\":{\"@id\":\"https:\\\/\\\/maison-dupuy.com\\\/produit\\\/coffret-de-6-pralines-aux-noix-de-pecan-chocolat-au-lait\\\/#breadcrumb\"},\"inLanguage\":\"en-US\",\"potentialAction\":[{\"@type\":\"ReadAction\",\"target\":[\"https:\\\/\\\/maison-dupuy.com\\\/produit\\\/coffret-de-6-pralines-aux-noix-de-pecan-chocolat-au-lait\\\/\"]}]},{\"@type\":\"ImageObject\",\"inLanguage\":\"en-US\",\"@id\":\"https:\\\/\\\/maison-dupuy.com\\\/produit\\\/coffret-de-6-pralines-aux-noix-de-pecan-chocolat-au-lait\\\/#primaryimage\",\"url\":\"https:\\\/\\\/maison-dupuy.com\\\/wp-content\\\/uploads\\\/2024\\\/08\\\/Image-page-produit-Pralines-JSP.jpg\",\"contentUrl\":\"https:\\\/\\\/maison-dupuy.com\\\/wp-content\\\/uploads\\\/2024\\\/08\\\/Image-page-produit-Pralines-JSP.jpg\",\"width\":762,\"height\":762,\"caption\":\"Coffret de 6 pralin\u00e9s aux noix de p\u00e9can avec du chocolat au lait\"},{\"@type\":\"BreadcrumbList\",\"@id\":\"https:\\\/\\\/maison-dupuy.com\\\/produit\\\/coffret-de-6-pralines-aux-noix-de-pecan-chocolat-au-lait\\\/#breadcrumb\",\"itemListElement\":[{\"@type\":\"ListItem\",\"position\":1,\"name\":\"Home\",\"item\":\"https:\\\/\\\/maison-dupuy.com\\\/\"},{\"@type\":\"ListItem\",\"position\":2,\"name\":\"Produits\",\"item\":\"https:\\\/\\\/maison-dupuy.com\\\/shop\\\/\"},{\"@type\":\"ListItem\",\"position\":3,\"name\":\"Coffret de 6 Pralin\u00e9s aux Noix de P\u00e9can (Chocolat au lait)\"}]},{\"@type\":\"WebSite\",\"@id\":\"https:\\\/\\\/maison-dupuy.com\\\/#website\",\"url\":\"https:\\\/\\\/maison-dupuy.com\\\/\",\"name\":\"Achats & Livraison de Confiseries en Ligne | Maison Dupuy\",\"description\":\"\",\"publisher\":{\"@id\":\"https:\\\/\\\/maison-dupuy.com\\\/#organization\"},\"potentialAction\":[{\"@type\":\"SearchAction\",\"target\":{\"@type\":\"EntryPoint\",\"urlTemplate\":\"https:\\\/\\\/maison-dupuy.com\\\/?s={search_term_string}\"},\"query-input\":{\"@type\":\"PropertyValueSpecification\",\"valueRequired\":true,\"valueName\":\"search_term_string\"}}],\"inLanguage\":\"en-US\"},{\"@type\":\"Organization\",\"@id\":\"https:\\\/\\\/maison-dupuy.com\\\/#organization\",\"name\":\"Maison Dupuy\",\"url\":\"https:\\\/\\\/maison-dupuy.com\\\/\",\"logo\":{\"@type\":\"ImageObject\",\"inLanguage\":\"en-US\",\"@id\":\"https:\\\/\\\/maison-dupuy.com\\\/#\\\/schema\\\/logo\\\/image\\\/\",\"url\":\"https:\\\/\\\/maison-dupuy.com\\\/wp-content\\\/uploads\\\/2024\\\/08\\\/Logo-Maison-Dupuy-1000x300-version-longue-or.png\",\"contentUrl\":\"https:\\\/\\\/maison-dupuy.com\\\/wp-content\\\/uploads\\\/2024\\\/08\\\/Logo-Maison-Dupuy-1000x300-version-longue-or.png\",\"width\":1000,\"height\":300,\"caption\":\"Maison Dupuy\"},\"image\":{\"@id\":\"https:\\\/\\\/maison-dupuy.com\\\/#\\\/schema\\\/logo\\\/image\\\/\"},\"sameAs\":[\"https:\\\/\\\/www.instagram.com\\\/_maison_dupuy_\\\/\"]}]}<\/script>\n<!-- \/ Yoast SEO plugin. -->","yoast_head_json":{"title":"Coffret de 6 Pralin\u00e9s aux Noix de P\u00e9can (Chocolat au lait)","description":"Savourez notre Coffret de 6 Pralin\u00e9s aux noix de p\u00e9can avec du chocolat au lait. Une d\u00e9licieuse union entre croquant et douceur chocolat\u00e9e.","robots":{"index":"index","follow":"follow","max-snippet":"max-snippet:-1","max-image-preview":"max-image-preview:large","max-video-preview":"max-video-preview:-1"},"canonical":"https:\/\/maison-dupuy.com\/en\/produit\/coffret-de-6-pralines-aux-noix-de-pecan-chocolat-au-lait\/","og_locale":"en_US","og_type":"article","og_title":"[:fr]Coffret de 6 Pralin\u00e9s aux Noix de P\u00e9can (Chocolat au lait)[:] - Achats & Livraison de Confiseries en Ligne | Maison Dupuy","og_description":"[:fr]Savourez notre Coffret de 6 Pralin\u00e9s aux noix de p\u00e9can avec du chocolat au lait. Une d\u00e9licieuse union entre croquant et douceur chocolat\u00e9e.[:]","og_url":"https:\/\/maison-dupuy.com\/en\/produit\/coffret-de-6-pralines-aux-noix-de-pecan-chocolat-au-lait\/","og_site_name":"Achats & Livraison de Confiseries en Ligne | Maison Dupuy","article_modified_time":"2025-04-23T12:19:38+00:00","og_image":[{"width":762,"height":762,"url":"https:\/\/maison-dupuy.com\/wp-content\/uploads\/2024\/08\/Image-page-produit-Pralines-JSP.jpg","type":"image\/jpeg"}],"twitter_card":"summary_large_image","twitter_misc":{"Est. reading time":"2 minutes"},"schema":{"@context":"https:\/\/schema.org","@graph":[{"@type":"WebPage","@id":"https:\/\/maison-dupuy.com\/produit\/coffret-de-6-pralines-aux-noix-de-pecan-chocolat-au-lait\/","url":"https:\/\/maison-dupuy.com\/produit\/coffret-de-6-pralines-aux-noix-de-pecan-chocolat-au-lait\/","name":"Coffret de 6 Pralin\u00e9s aux Noix de P\u00e9can (Chocolat au lait)","isPartOf":{"@id":"https:\/\/maison-dupuy.com\/#website"},"primaryImageOfPage":{"@id":"https:\/\/maison-dupuy.com\/produit\/coffret-de-6-pralines-aux-noix-de-pecan-chocolat-au-lait\/#primaryimage"},"image":{"@id":"https:\/\/maison-dupuy.com\/produit\/coffret-de-6-pralines-aux-noix-de-pecan-chocolat-au-lait\/#primaryimage"},"thumbnailUrl":"https:\/\/maison-dupuy.com\/wp-content\/uploads\/2024\/08\/Image-page-produit-Pralines-JSP.jpg","datePublished":"2024-08-27T15:44:32+00:00","dateModified":"2025-04-23T12:19:38+00:00","description":"Savourez notre Coffret de 6 Pralin\u00e9s aux noix de p\u00e9can avec du chocolat au lait. Une d\u00e9licieuse union entre croquant et douceur chocolat\u00e9e.","breadcrumb":{"@id":"https:\/\/maison-dupuy.com\/produit\/coffret-de-6-pralines-aux-noix-de-pecan-chocolat-au-lait\/#breadcrumb"},"inLanguage":"en-US","potentialAction":[{"@type":"ReadAction","target":["https:\/\/maison-dupuy.com\/produit\/coffret-de-6-pralines-aux-noix-de-pecan-chocolat-au-lait\/"]}]},{"@type":"ImageObject","inLanguage":"en-US","@id":"https:\/\/maison-dupuy.com\/produit\/coffret-de-6-pralines-aux-noix-de-pecan-chocolat-au-lait\/#primaryimage","url":"https:\/\/maison-dupuy.com\/wp-content\/uploads\/2024\/08\/Image-page-produit-Pralines-JSP.jpg","contentUrl":"https:\/\/maison-dupuy.com\/wp-content\/uploads\/2024\/08\/Image-page-produit-Pralines-JSP.jpg","width":762,"height":762,"caption":"Coffret de 6 pralin\u00e9s aux noix de p\u00e9can avec du chocolat au lait"},{"@type":"BreadcrumbList","@id":"https:\/\/maison-dupuy.com\/produit\/coffret-de-6-pralines-aux-noix-de-pecan-chocolat-au-lait\/#breadcrumb","itemListElement":[{"@type":"ListItem","position":1,"name":"Home","item":"https:\/\/maison-dupuy.com\/"},{"@type":"ListItem","position":2,"name":"Produits","item":"https:\/\/maison-dupuy.com\/shop\/"},{"@type":"ListItem","position":3,"name":"Coffret de 6 Pralin\u00e9s aux Noix de P\u00e9can (Chocolat au lait)"}]},{"@type":"WebSite","@id":"https:\/\/maison-dupuy.com\/#website","url":"https:\/\/maison-dupuy.com\/","name":"Achats & Livraison de Confiseries en Ligne | Maison Dupuy","description":"","publisher":{"@id":"https:\/\/maison-dupuy.com\/#organization"},"potentialAction":[{"@type":"SearchAction","target":{"@type":"EntryPoint","urlTemplate":"https:\/\/maison-dupuy.com\/?s={search_term_string}"},"query-input":{"@type":"PropertyValueSpecification","valueRequired":true,"valueName":"search_term_string"}}],"inLanguage":"en-US"},{"@type":"Organization","@id":"https:\/\/maison-dupuy.com\/#organization","name":"Maison Dupuy","url":"https:\/\/maison-dupuy.com\/","logo":{"@type":"ImageObject","inLanguage":"en-US","@id":"https:\/\/maison-dupuy.com\/#\/schema\/logo\/image\/","url":"https:\/\/maison-dupuy.com\/wp-content\/uploads\/2024\/08\/Logo-Maison-Dupuy-1000x300-version-longue-or.png","contentUrl":"https:\/\/maison-dupuy.com\/wp-content\/uploads\/2024\/08\/Logo-Maison-Dupuy-1000x300-version-longue-or.png","width":1000,"height":300,"caption":"Maison Dupuy"},"image":{"@id":"https:\/\/maison-dupuy.com\/#\/schema\/logo\/image\/"},"sameAs":["https:\/\/www.instagram.com\/_maison_dupuy_\/"]}]}},"_links":{"self":[{"href":"https:\/\/maison-dupuy.com\/en\/wp-json\/wp\/v2\/product\/2238","targetHints":{"allow":["GET"]}}],"collection":[{"href":"https:\/\/maison-dupuy.com\/en\/wp-json\/wp\/v2\/product"}],"about":[{"href":"https:\/\/maison-dupuy.com\/en\/wp-json\/wp\/v2\/types\/product"}],"replies":[{"embeddable":true,"href":"https:\/\/maison-dupuy.com\/en\/wp-json\/wp\/v2\/comments?post=2238"}],"version-history":[{"count":0,"href":"https:\/\/maison-dupuy.com\/en\/wp-json\/wp\/v2\/product\/2238\/revisions"}],"wp:featuredmedia":[{"embeddable":true,"href":"https:\/\/maison-dupuy.com\/en\/wp-json\/wp\/v2\/media\/3233"}],"wp:attachment":[{"href":"https:\/\/maison-dupuy.com\/en\/wp-json\/wp\/v2\/media?parent=2238"}],"wp:term":[{"taxonomy":"product_brand","embeddable":true,"href":"https:\/\/maison-dupuy.com\/en\/wp-json\/wp\/v2\/product_brand?post=2238"},{"taxonomy":"product_cat","embeddable":true,"href":"https:\/\/maison-dupuy.com\/en\/wp-json\/wp\/v2\/product_cat?post=2238"},{"taxonomy":"product_tag","embeddable":true,"href":"https:\/\/maison-dupuy.com\/en\/wp-json\/wp\/v2\/product_tag?post=2238"}],"curies":[{"name":"wp","href":"https:\/\/api.w.org\/{rel}","templated":true}]}}